{"id":415,"date":"2022-05-16T10:19:38","date_gmt":"2022-05-16T08:19:38","guid":{"rendered":"https:\/\/filmpreis.rznk.de\/?page_id=415"},"modified":"2025-04-29T14:43:22","modified_gmt":"2025-04-29T12:43:22","slug":"richtlinien","status":"publish","type":"page","link":"https:\/\/www.guenter-rohrbach-filmpreis.de\/?page_id=415","title":{"rendered":"Richtlinien"},"content":{"rendered":"<p>[et_pb_section fb_built=&#8220;1&#8243; _builder_version=&#8220;4.17.3&#8243; _module_preset=&#8220;default&#8220; min_height=&#8220;216px&#8220; custom_margin=&#8220;-118px||||false|false&#8220; custom_padding=&#8220;||2px|||&#8220; global_colors_info=&#8220;{}&#8220;][et_pb_row use_custom_gutter=&#8220;on&#8220; gutter_width=&#8220;1&#8243; make_equal=&#8220;on&#8220; _builder_version=&#8220;4.18.0&#8243; _module_preset=&#8220;default&#8220; background_color=&#8220;RGBA(255,255,255,0)&#8220; width=&#8220;100%&#8220; max_width=&#8220;100%&#8220; custom_padding=&#8220;0px||0px||false|false&#8220; global_module=&#8220;329&#8243; global_colors_info=&#8220;{}&#8220;][et_pb_column type=&#8220;4_4&#8243; _builder_version=&#8220;4.16&#8243; _module_preset=&#8220;default&#8220; global_colors_info=&#8220;{}&#8220;][et_pb_image src=&#8220;https:\/\/filmpreis.rznk.de\/wp-content\/uploads\/2021\/10\/GR_FP_logo_web.png&#8220; title_text=&#8220;GR_FP_logo_web&#8220; align=&#8220;center&#8220; _builder_version=&#8220;4.18.0&#8243; _module_preset=&#8220;default&#8220; background_color=&#8220;RGBA(255,255,255,0)&#8220; min_height=&#8220;116px&#8220; height=&#8220;100px&#8220; max_height=&#8220;100px&#8220; custom_margin=&#8220;4px||||false|false&#8220; border_width_all=&#8220;3px&#8220; border_color_all=&#8220;RGBA(255,255,255,0)&#8220; global_colors_info=&#8220;{}&#8220;][\/et_pb_image][\/et_pb_column][\/et_pb_row][et_pb_row use_custom_gutter=&#8220;on&#8220; gutter_width=&#8220;1&#8243; make_equal=&#8220;on&#8220; _builder_version=&#8220;4.16&#8243; _module_preset=&#8220;default&#8220; width=&#8220;100%&#8220; max_width=&#8220;100%&#8220; custom_padding=&#8220;0px||0px||false|false&#8220; custom_css_main_element=&#8220;display: flex;&#8220; global_module=&#8220;330&#8243; global_colors_info=&#8220;{}&#8220;][et_pb_column type=&#8220;4_4&#8243; _builder_version=&#8220;4.16&#8243; _module_preset=&#8220;default&#8220; global_colors_info=&#8220;{}&#8220;][et_pb_menu menu_style=&#8220;centered&#8220; dropdown_menu_line_color=&#8220;#e30613&#8243; _builder_version=&#8220;4.17.4&#8243; _module_preset=&#8220;default&#8220; menu_text_color=&#8220;#FFFFFF&#8220; background_color=&#8220;#e30613&#8243; height=&#8220;45px&#8220; custom_padding=&#8220;4px||||false|false&#8220; sticky_position=&#8220;top&#8220; border_width_top=&#8220;1px&#8220; border_color_top=&#8220;#ff0000&#8243; global_colors_info=&#8220;{}&#8220;][\/et_pb_menu][\/et_pb_column][\/et_pb_row][\/et_pb_section][et_pb_section fb_built=&#8220;1&#8243; _builder_version=&#8220;4.17.3&#8243; _module_preset=&#8220;default&#8220; global_colors_info=&#8220;{}&#8220;][et_pb_row _builder_version=&#8220;4.17.3&#8243; _module_preset=&#8220;default&#8220; global_colors_info=&#8220;{}&#8220;][et_pb_column type=&#8220;4_4&#8243; _builder_version=&#8220;4.17.3&#8243; _module_preset=&#8220;default&#8220; global_colors_info=&#8220;{}&#8220;][et_pb_text _builder_version=&#8220;4.27.4&#8243; _module_preset=&#8220;default&#8220; hover_enabled=&#8220;0&#8243; global_colors_info=&#8220;{}&#8220; sticky_enabled=&#8220;0&#8243;]<\/p>\n<h1>Richtlinien zur Vergabe des G\u00dcNTER ROHRBACH FILMPREISES 2025<\/h1>\n<p><strong>1. Der Preis<\/strong><\/p>\n<p>In W\u00fcrdigung der Verdienste des aus Neunkirchen stammenden Film- und Fernsehproduzenten G\u00fcnter Rohrbach vergibt die G\u00fcnter-Rohrbach-Filmpreis-Stiftung in Kooperation mit der Kreisstadt Neunkirchen 2025 zum 15. Mal den <em><strong>G\u00fcnter Rohrbach Filmpreis<\/strong><\/em>. Ausgezeichnet wird ein <em><strong>Spielfilm<\/strong><\/em> (Kino oder Fernsehen), der seinen thematischen Schwerpunkt im Bereich <em><strong>\u201eArbeitswelt und Gesellschaft\u201c<\/strong><\/em> hat. Dieser Hauptpreis ist mit <em><strong>10.000 Euro<\/strong><\/em> dotiert und geht an die Regisseurin \/ den Regisseur. Die Jury ist jedoch frei, ihn in bestimmten F\u00e4llen auch der Produzentin \/ dem Produzenten zuzusprechen oder ihn zwischen den beiden Personen zu teilen.<\/p>\n<p>Dar\u00fcber hinaus werden weitere Preise, dotiert zwischen 2.500 und 5.000 Euro, vergeben.<\/p>\n<p>Die Preisvergabe ist grunds\u00e4tzlich an die pers\u00f6nliche Anwesenheit der jeweiligen Preistr\u00e4gerInnen gebunden.<\/p>\n<p>Mit der Teilnahme am Wettbewerb wird einer \u00f6ffentlichen Vorf\u00fchrung der ausgew\u00e4hlten Filme zugestimmt. Der Kreisstadt Neunkirchen entstehen hierbei keinerlei Mietkosten bzw. Leihgeb\u00fchren. Die Kreisstadt Neunkirchen erh\u00e4lt zudem das Recht, die eingereichten Filme zu einem sp\u00e4teren Zeitpunkt noch einmal zu zeigen.<\/p>\n<p><strong>2. Filmauswahl<\/strong><\/p>\n<p>In die Auswahl um die Nominierung f\u00fcr den G\u00fcnter Rohrbach Filmpreis werden sowohl <em><strong>Kino- als auch Fernsehspielfilme<\/strong><\/em> einbezogen. Sie m\u00fcssen eine L\u00e4nge von <em><strong>mindestens 80 Minuten<\/strong><\/em> haben. Es k\u00f6nnen nur Filme ber\u00fccksichtigt werden, die <em><strong>zwischen dem 01.11.2024 und dem 31.10.2025 gestartet<\/strong><\/em>, erstmals ausgestrahlt wurden oder ihre Premiere auf einem der A-Festivals gefeiert haben.<\/p>\n<p><strong>3. Anmeldung<\/strong><\/p>\n<p>Die Anmeldung der Filme muss bis zum <em><strong>01.08.2025<\/strong><\/em> bei der Kreisstadt Neunkirchen erfolgen. Es ist das entsprechende Online-Formular auf der Website www.guenter-rohrbach-filmpreis.de zu verwenden. F\u00fcr die Vorauswahl wird ein Sichtungs- oder ein Download-Link bis zum o.g. Termin zur Verf\u00fcgung gestellt. Zur Sichtung sind auch Rohschnitt-Versionen zugelassen.<\/p>\n<p><strong>4. Vorjury und Jury<\/strong><\/p>\n<p>Die unabh\u00e4ngige Vorjury w\u00e4hlt aus den eingesandten Filmen acht Filme aus, die der Jury vorgelegt werden. Diese bestimmt dann die Finalistenfilme, die um den G\u00fcnter Rohrbach Filmpreis konkurrieren. Die Jury besteht aus unabh\u00e4ngigen Sachverst\u00e4ndigen, die von der Kreisstadt Neunkirchen und der G\u00fcnter Rohrbach Filmpreis Stiftung bestimmt werden.<\/p>\n<p><strong>5. Archiv-Kopie<\/strong><\/p>\n<p>Eine Kopie des preisgekr\u00f6nten Films geht in das Eigentum der Kreisstadt Neunkirchen \u00fcber. Die Stadt verpflichtet sich, diese Kopie ausschlie\u00dflich f\u00fcr eigene und Archivzwecke zu verwenden.<\/p>\n<p><strong>6. Ausnahmeregelung<\/strong><\/p>\n<p>Der Veranstalter hat gemeinsam mit dem Ausrichter das Recht, alle in den Richtlinien nicht vorgesehenen F\u00e4lle zu regeln und Ausnahmen in besonderen und begr\u00fcndeten F\u00e4llen zu gestatten. Dieses Recht steht auch dem Juryvorsitzenden in Absprache mit dem Veranstalter und dem Ausrichter zu.<\/p>\n<p class=\"bodytext\">[\/et_pb_text][\/et_pb_column][\/et_pb_row][\/et_pb_section][et_pb_section fb_built=&#8220;1&#8243; fullwidth=&#8220;on&#8220; _builder_version=&#8220;4.17.3&#8243; _module_preset=&#8220;default&#8220; global_colors_info=&#8220;{}&#8220;][et_pb_fullwidth_image src=&#8220;https:\/\/www.guenter-rohrbach-filmpreis.de\/wp-content\/uploads\/2024\/10\/Footer-2024_neu.png&#8220; title_text=&#8220;Footer 2024_neu&#8220; disabled_on=&#8220;off|off|off&#8220; _builder_version=&#8220;4.27.2&#8243; _module_preset=&#8220;default&#8220; background_color=&#8220;#FFFFFF&#8220; custom_margin=&#8220;0px||||false|false&#8220; motion_trigger_start=&#8220;top&#8220; global_module=&#8220;358&#8243; saved_tabs=&#8220;all&#8220; global_colors_info=&#8220;{}&#8220;][\/et_pb_fullwidth_image][\/et_pb_section]<\/p>\n","protected":false},"excerpt":{"rendered":"<p>Richtlinien zur Vergabe des G\u00dcNTER ROHRBACH FILMPREISES 2025 1. Der Preis In W\u00fcrdigung der Verdienste des aus Neunkirchen stammenden Film- und Fernsehproduzenten G\u00fcnter Rohrbach vergibt die G\u00fcnter-Rohrbach-Filmpreis-Stiftung in Kooperation mit der Kreisstadt Neunkirchen 2025 zum 15. Mal den G\u00fcnter Rohrbach Filmpreis. Ausgezeichnet wird ein Spielfilm (Kino oder Fernsehen), der seinen thematischen Schwerpunkt im Bereich \u201eArbeitswelt [&hellip;]<\/p>\n","protected":false},"author":2,"featured_media":0,"parent":0,"menu_order":0,"comment_status":"closed","ping_status":"closed","template":"","meta":{"_et_pb_use_builder":"on","_et_pb_old_content":"","_et_gb_content_width":"","footnotes":""},"class_list":["post-415","page","type-page","status-publish","hentry"],"_links":{"self":[{"href":"https:\/\/www.guenter-rohrbach-filmpreis.de\/index.php?rest_route=\/wp\/v2\/pages\/415","targetHints":{"allow":["GET"]}}],"collection":[{"href":"https:\/\/www.guenter-rohrbach-filmpreis.de\/index.php?rest_route=\/wp\/v2\/pages"}],"about":[{"href":"https:\/\/www.guenter-rohrbach-filmpreis.de\/index.php?rest_route=\/wp\/v2\/types\/page"}],"author":[{"embeddable":true,"href":"https:\/\/www.guenter-rohrbach-filmpreis.de\/index.php?rest_route=\/wp\/v2\/users\/2"}],"replies":[{"embeddable":true,"href":"https:\/\/www.guenter-rohrbach-filmpreis.de\/index.php?rest_route=%2Fwp%2Fv2%2Fcomments&post=415"}],"version-history":[{"count":11,"href":"https:\/\/www.guenter-rohrbach-filmpreis.de\/index.php?rest_route=\/wp\/v2\/pages\/415\/revisions"}],"predecessor-version":[{"id":1581,"href":"https:\/\/www.guenter-rohrbach-filmpreis.de\/index.php?rest_route=\/wp\/v2\/pages\/415\/revisions\/1581"}],"wp:attachment":[{"href":"https:\/\/www.guenter-rohrbach-filmpreis.de\/index.php?rest_route=%2Fwp%2Fv2%2Fmedia&parent=415"}],"curies":[{"name":"wp","href":"https:\/\/api.w.org\/{rel}","templated":true}]}}