{"id":470,"date":"2022-05-16T11:20:40","date_gmt":"2022-05-16T09:20:40","guid":{"rendered":"https:\/\/filmpreis.rznk.de\/?page_id=470"},"modified":"2022-10-27T14:04:23","modified_gmt":"2022-10-27T12:04:23","slug":"guenter-rohrbach","status":"publish","type":"page","link":"https:\/\/www.guenter-rohrbach-filmpreis.de\/?page_id=470","title":{"rendered":"G\u00fcnter Rohrbach"},"content":{"rendered":"<p>[et_pb_section fb_built=&#8220;1&#8243; _builder_version=&#8220;4.17.3&#8243; _module_preset=&#8220;default&#8220; min_height=&#8220;216px&#8220; custom_margin=&#8220;-118px||||false|false&#8220; custom_padding=&#8220;||2px|||&#8220; global_colors_info=&#8220;{}&#8220;][et_pb_row use_custom_gutter=&#8220;on&#8220; gutter_width=&#8220;1&#8243; make_equal=&#8220;on&#8220; _builder_version=&#8220;4.18.0&#8243; _module_preset=&#8220;default&#8220; background_color=&#8220;RGBA(255,255,255,0)&#8220; width=&#8220;100%&#8220; max_width=&#8220;100%&#8220; custom_padding=&#8220;0px||0px||false|false&#8220; global_module=&#8220;329&#8243; global_colors_info=&#8220;{}&#8220;][et_pb_column type=&#8220;4_4&#8243; _builder_version=&#8220;4.16&#8243; _module_preset=&#8220;default&#8220; global_colors_info=&#8220;{}&#8220;][et_pb_image src=&#8220;https:\/\/filmpreis.rznk.de\/wp-content\/uploads\/2021\/10\/GR_FP_logo_web.png&#8220; title_text=&#8220;GR_FP_logo_web&#8220; align=&#8220;center&#8220; _builder_version=&#8220;4.18.0&#8243; _module_preset=&#8220;default&#8220; background_color=&#8220;RGBA(255,255,255,0)&#8220; min_height=&#8220;116px&#8220; height=&#8220;100px&#8220; max_height=&#8220;100px&#8220; custom_margin=&#8220;4px||||false|false&#8220; border_width_all=&#8220;3px&#8220; border_color_all=&#8220;RGBA(255,255,255,0)&#8220; global_colors_info=&#8220;{}&#8220;][\/et_pb_image][\/et_pb_column][\/et_pb_row][et_pb_row use_custom_gutter=&#8220;on&#8220; gutter_width=&#8220;1&#8243; make_equal=&#8220;on&#8220; _builder_version=&#8220;4.16&#8243; _module_preset=&#8220;default&#8220; width=&#8220;100%&#8220; max_width=&#8220;100%&#8220; custom_padding=&#8220;0px||0px||false|false&#8220; custom_css_main_element=&#8220;display: flex;&#8220; global_module=&#8220;330&#8243; global_colors_info=&#8220;{}&#8220;][et_pb_column type=&#8220;4_4&#8243; _builder_version=&#8220;4.16&#8243; _module_preset=&#8220;default&#8220; global_colors_info=&#8220;{}&#8220;][et_pb_menu menu_style=&#8220;centered&#8220; dropdown_menu_line_color=&#8220;#e30613&#8243; _builder_version=&#8220;4.17.4&#8243; _module_preset=&#8220;default&#8220; menu_text_color=&#8220;#FFFFFF&#8220; background_color=&#8220;#e30613&#8243; height=&#8220;45px&#8220; custom_padding=&#8220;4px||||false|false&#8220; sticky_position=&#8220;top&#8220; border_width_top=&#8220;1px&#8220; border_color_top=&#8220;#ff0000&#8243; global_colors_info=&#8220;{}&#8220;][\/et_pb_menu][\/et_pb_column][\/et_pb_row][\/et_pb_section][et_pb_section fb_built=&#8220;1&#8243; _builder_version=&#8220;4.17.3&#8243; _module_preset=&#8220;default&#8220; custom_padding=&#8220;||0px|||&#8220; global_colors_info=&#8220;{}&#8220;][et_pb_row _builder_version=&#8220;4.17.3&#8243; _module_preset=&#8220;default&#8220; global_colors_info=&#8220;{}&#8220;][et_pb_column type=&#8220;4_4&#8243; _builder_version=&#8220;4.17.3&#8243; _module_preset=&#8220;default&#8220; global_colors_info=&#8220;{}&#8220;][et_pb_text _builder_version=&#8220;4.17.4&#8243; _module_preset=&#8220;default&#8220; global_colors_info=&#8220;{}&#8220;]<\/p>\n<h1>G\u00fcnter Rohrbach<\/h1>\n<p>[\/et_pb_text][et_pb_team_member _builder_version=&#8220;4.18.0&#8243; _module_preset=&#8220;default&#8220; alt=&#8220;\u00a9 Mathias Bothor\/Deutsche Filmakademie e.V.&#8220; title_text=&#8220;Guenter_Rohrbach&#8220; image_url=&#8220;https:\/\/www.guenter-rohrbach-filmpreis.de\/wp-content\/uploads\/2022\/05\/Guenter_Rohrbach.jpeg&#8220; hover_enabled=&#8220;0&#8243; sticky_enabled=&#8220;0&#8243;]<\/p>\n<p><strong>G\u00fcnter Rohrbach ist einer der bedeutendsten deutsche Film- und Fernsehproduzentenproduzenten. Trotz internationaler Erfolge wie \u201eDas Boot&#8220; und \u201eDie unendliche Geschichte&#8220; blieb Rohrbach in Deutschland und beeinflusste hier in leitenden Positionen beim WDR und der Bavaria Film GmbH die deutsche Fernsehlandschaft ma\u00dfgeblich. Heute arbeitet er als freier Filmproduzent.<\/strong><\/p>\n<p>[\/et_pb_team_member][et_pb_text _builder_version=&#8220;4.18.0&#8243; _module_preset=&#8220;default&#8220; custom_padding=&#8220;36px|||||&#8220; hover_enabled=&#8220;0&#8243; global_colors_info=&#8220;{}&#8220; sticky_enabled=&#8220;0&#8243;]<\/p>\n<div id=\"c32\" class=\"csc-default\">\n<div class=\"csc-textpic csc-textpic-intext-left\">\n<div class=\"csc-textpic-text\"><\/div>\n<\/div>\n<\/div>\n<div id=\"c51\" class=\"csc-default\">\n<p class=\"bodytext\"><strong>1928 \u2013 1949 \u2013 Kindheit und Jugend in Neunkirchen<\/strong><\/p>\n<p>G\u00fcnter Rohrbach wird 1928 in Neunkirchen geboren und verbringt hier seine Kindheit und Jugend.<\/p>\n<p><strong>1949 \u2013 1956 \u2013 Studienzeit<\/strong><\/p>\n<p>Nach dem Abitur 1949 studiert er in Bonn, Paris, M\u00fcnchen und K\u00f6ln Germanistik, Philosophie, Psychologie und Theaterwissenschaften.<\/p>\n<p>Nach zwei Semestern unterbricht er das Studium, um am Staatstheater Saarbr\u00fccken als Regieassistent zu arbeiten und baut nebenbei zusammen mit Schauspielern und Schauspielsch\u00fclern des Saarbr\u00fccker Konservatoriums eine eigene Studiob\u00fchne auf.<\/p>\n<p>Au\u00dferdem arbeitet Rohrbach schon w\u00e4hrend des Studiums als Journalist, vor allem f\u00fcr die Kulturredaktion des Saarl\u00e4ndischen Rundfunks, und schreibt f\u00fcr die Zeitschrift \u201eFilmkritik\u201c und die \u201eFrankfurter Hefte\u201c. Mit anderen gr\u00fcndet er den Bonner Filmclub und eine studentische Theatergruppe.<\/p>\n<p><strong>1957 \u2013 Promotion.<\/strong><\/p>\n<p>Die 1957 abgeschlossene Promotion, ver\u00f6ffentlicht in der Schriftenreihe \u201eBonner Arbeiten zur deutschen Literatur\u201c unter dem Titel \u201eFigur und Charakter\u201c besch\u00e4ftigt sich mit Grimmelshausens \u201eSimplicissimus\u201c.<\/p>\n<p><strong>1957 \u2013 1961 \u2013 Journalist in Bonn<\/strong><\/p>\n<p>Beim \u201eBonner Generalanzeiger&#8220; wird Rohrbach zum Journalisten ausgebildet. Gleichzeitig ist er freier Mitarbeiter bei mehreren anderen Zeitungen und Rundfunkanstalten.<\/p>\n<p>1960 arbeitet Rohrbach als Redakteur an seinem ersten Fernseh-Feature, \u201eDer Krieg findet im Kino statt\u201c, das die Darstellung von Kriegserlebnissen im Film analysiert.<\/p>\n<p><strong>1961 \u2013 1979 \u2013 WDR <\/strong><\/p>\n<p>Im Mai 1961 tritt Rohrbach in den WDR ein und wirkt dort zun\u00e4chst als Assistent des Fernsehdirektors Dr. Hans-Joachim Lange am Aufbau des WDR-Fernsehens mit.<\/p>\n<p>Zwischen 1963 und 1965 ist er Leiter des Planungsstabs. In dieser Rolle entwickelt er ein Konzept f\u00fcr den dritten Sender und produziert zahlreiche Pilotfilme.<\/p>\n<p>Als Hauptabteilungsleiter Fernsehspiel (ein Aufgabenbereich, der immer wieder ausgebaut wird und sp\u00e4ter \u201eProgrammbereich Fernsehspiel, Unterhaltung, Familie hei\u00dft) f\u00fcr das erste Programm bleibt Rohrbach bis 1979 beim WDR.<\/p>\n<p>In seine Zeit beim WDR fallen Unterhaltungssendungen wie die erste deutsche TV-Talkshow \u201eJe sp\u00e4ter der Abend\u201c (mit Dietmar Sch\u00f6nherr) und die Comedy-Serie \u201eKlimbim\u201c (mit Ingrid Steeger), Fernsehspiele wie \u201eAcht Stunde sind kein Tag\u201c (R.W. Fassbinder) und die Entwicklung der Krimiserie \u201eTatort\u201c.<\/p>\n<p><strong>1979 \u2013 1994 \u2013 Bavaria Film GmbH<\/strong><\/p>\n<p>Von 1979 bis 1994 ist Rohrbach Gesch\u00e4ftsf\u00fchrer der Bavaria Film GmbH und pr\u00e4gt die Filmstudios nachhaltig. Produktionen wie \u201eDas Boot\u201c (1981), \u201eDie unendliche Geschichte\u201c (1984), \u201e\u00d6dipussi\u201c (1988), \u201eGo Trabbi Go\u201c (1991), \u201ePappa ante Portas\u201c (1991) und \u201eSchtonk\u201c (1992) sind nur einige der gro\u00dfen Erfolge aus dieser Zeit.<\/p>\n<p><strong>Seit 1994 \u2013 Freiberuflicher Filmproduzent<\/strong><\/p>\n<p>Als freiberuflicher Filmproduzent produziert Rohrbach Filme wie \u201eDie Apothekerin\u201c (1997), \u201eDie Bubi Scholz Story\u201c (1998), \u201eAim\u00e9e und Jaguar\u201c (1999). \u201eDie wei\u00dfe Massai\u201c (2005) und \u201eHotel Lux\u201c (2011).<\/p>\n<p><strong>Nebenamtliche Engagements<\/strong><\/p>\n<p>Rohrbach \u00fcbernimmt zwischen 1992 und 1998 nebenamtlich eine Stelle als Honorarprofessor und Abteilungsleiter an der Hochschule f\u00fcr Fernsehen und Film M\u00fcnchen. Gleichzeitig ist er Vorsitzender des Bundesverbandes Deutscher Fernsehproduzenten.<\/p>\n<p>Von 2003 bis 2010 sind G\u00fcnter Rohrbach und Senta Berger die ersten Pr\u00e4sidenten der neu gegr\u00fcndeten Deutschen Filmakademie.<\/p>\n<p>Zudem ist Rohrbach Mitglied der Europ\u00e4ischen Filmakademie, der Akademie der Darstellenden K\u00fcnste und des Beirats der Cinemathek Berlin.<\/p>\n<p><strong>Auszeichnungen<\/strong><\/p>\n<p>Zu Rohrbachs vielen Auszeichnungen z\u00e4hlen der Bundesfilmpreis (drei Mal), der Bundesfilmpreis f\u00fcr hervorragendes Wirken im deutschen Film, der Emmy Award, ein BAFTA Award, der Bayrische Filmpreis (drei Mal), der Ehrenpreis des Bayrischen Filmpreises, die Besondere Ehrung des Adolf-Grimme-Preises, die Goldene Kamera (zwei Mal), der Bayrische Fernsehpreis, der Filmpreis der Stadt M\u00fcnchen, die Berlinale Kamera (2009), und ein Stern auf dem Boulevard der Stars in Berlin (2010) und Nominierungen f\u00fcr Golden Globe und Oscar.<\/p>\n<\/div>\n<p>[\/et_pb_text][\/et_pb_column][\/et_pb_row][\/et_pb_section][et_pb_section fb_built=&#8220;1&#8243; fullwidth=&#8220;on&#8220; _builder_version=&#8220;4.17.3&#8243; _module_preset=&#8220;default&#8220; global_colors_info=&#8220;{}&#8220;][et_pb_fullwidth_image src=&#8220;https:\/\/filmpreis.rznk.de\/wp-content\/uploads\/2022\/10\/Footer_sponsoren_neu.png&#8220; title_text=&#8220;Footer_sponsoren_neu&#8220; disabled_on=&#8220;off|off|off&#8220; _builder_version=&#8220;4.18.0&#8243; _module_preset=&#8220;default&#8220; background_color=&#8220;#FFFFFF&#8220; custom_margin=&#8220;0px||||false|false&#8220; motion_trigger_start=&#8220;top&#8220; global_module=&#8220;358&#8243; saved_tabs=&#8220;all&#8220; global_colors_info=&#8220;{}&#8220;][\/et_pb_fullwidth_image][\/et_pb_section]<\/p>\n","protected":false},"excerpt":{"rendered":"<p>G\u00fcnter RohrbachG\u00fcnter Rohrbach ist einer der bedeutendsten deutsche Film- und Fernsehproduzentenproduzenten. Trotz internationaler Erfolge wie \u201eDas Boot&#8220; und \u201eDie unendliche Geschichte&#8220; blieb Rohrbach in Deutschland und beeinflusste hier in leitenden Positionen beim WDR und der Bavaria Film GmbH die deutsche Fernsehlandschaft ma\u00dfgeblich. Heute arbeitet er als freier Filmproduzent. 1928 \u2013 1949 \u2013 Kindheit und Jugend [&hellip;]<\/p>\n","protected":false},"author":2,"featured_media":0,"parent":0,"menu_order":0,"comment_status":"closed","ping_status":"closed","template":"","meta":{"_et_pb_use_builder":"on","_et_pb_old_content":"","_et_gb_content_width":"","footnotes":""},"class_list":["post-470","page","type-page","status-publish","hentry"],"_links":{"self":[{"href":"https:\/\/www.guenter-rohrbach-filmpreis.de\/index.php?rest_route=\/wp\/v2\/pages\/470","targetHints":{"allow":["GET"]}}],"collection":[{"href":"https:\/\/www.guenter-rohrbach-filmpreis.de\/index.php?rest_route=\/wp\/v2\/pages"}],"about":[{"href":"https:\/\/www.guenter-rohrbach-filmpreis.de\/index.php?rest_route=\/wp\/v2\/types\/page"}],"author":[{"embeddable":true,"href":"https:\/\/www.guenter-rohrbach-filmpreis.de\/index.php?rest_route=\/wp\/v2\/users\/2"}],"replies":[{"embeddable":true,"href":"https:\/\/www.guenter-rohrbach-filmpreis.de\/index.php?rest_route=%2Fwp%2Fv2%2Fcomments&post=470"}],"version-history":[{"count":10,"href":"https:\/\/www.guenter-rohrbach-filmpreis.de\/index.php?rest_route=\/wp\/v2\/pages\/470\/revisions"}],"predecessor-version":[{"id":802,"href":"https:\/\/www.guenter-rohrbach-filmpreis.de\/index.php?rest_route=\/wp\/v2\/pages\/470\/revisions\/802"}],"wp:attachment":[{"href":"https:\/\/www.guenter-rohrbach-filmpreis.de\/index.php?rest_route=%2Fwp%2Fv2%2Fmedia&parent=470"}],"curies":[{"name":"wp","href":"https:\/\/api.w.org\/{rel}","templated":true}]}}