{"id":496,"date":"2022-05-16T11:57:37","date_gmt":"2022-05-16T09:57:37","guid":{"rendered":"https:\/\/filmpreis.rznk.de\/?page_id=496"},"modified":"2022-05-17T11:00:54","modified_gmt":"2022-05-17T09:00:54","slug":"496-2","status":"publish","type":"page","link":"https:\/\/www.guenter-rohrbach-filmpreis.de\/?page_id=496","title":{"rendered":"Troph\u00e4e"},"content":{"rendered":"<p>[et_pb_section fb_built=&#8220;1&#8243; _builder_version=&#8220;4.17.3&#8243; _module_preset=&#8220;default&#8220; min_height=&#8220;216px&#8220; custom_margin=&#8220;-118px||||false|false&#8220; custom_padding=&#8220;||2px|||&#8220; global_colors_info=&#8220;{}&#8220;][et_pb_row use_custom_gutter=&#8220;on&#8220; gutter_width=&#8220;1&#8243; make_equal=&#8220;on&#8220; _builder_version=&#8220;4.16&#8243; _module_preset=&#8220;default&#8220; background_color=&#8220;#E02B20&#8243; width=&#8220;100%&#8220; max_width=&#8220;100%&#8220; custom_padding=&#8220;0px||0px||false|false&#8220; global_module=&#8220;329&#8243; global_colors_info=&#8220;{}&#8220;][et_pb_column type=&#8220;4_4&#8243; _builder_version=&#8220;4.16&#8243; _module_preset=&#8220;default&#8220; global_colors_info=&#8220;{}&#8220;][et_pb_image src=&#8220;https:\/\/filmpreis.rznk.de\/wp-content\/uploads\/2021\/10\/GR_FP_logo_web.png&#8220; title_text=&#8220;GR_FP_logo_web&#8220; align=&#8220;center&#8220; _builder_version=&#8220;4.17.3&#8243; _module_preset=&#8220;default&#8220; background_color=&#8220;#FFFFFF&#8220; height=&#8220;100px&#8220; max_height=&#8220;100px&#8220; custom_padding=&#8220;3px||4px||false|false&#8220; sticky_position=&#8220;top&#8220; global_colors_info=&#8220;{}&#8220;][\/et_pb_image][\/et_pb_column][\/et_pb_row][et_pb_row use_custom_gutter=&#8220;on&#8220; gutter_width=&#8220;1&#8243; make_equal=&#8220;on&#8220; _builder_version=&#8220;4.16&#8243; _module_preset=&#8220;default&#8220; width=&#8220;100%&#8220; max_width=&#8220;100%&#8220; custom_padding=&#8220;0px||0px||false|false&#8220; custom_css_main_element=&#8220;display: flex;&#8220; global_module=&#8220;330&#8243; global_colors_info=&#8220;{}&#8220;][et_pb_column type=&#8220;4_4&#8243; _builder_version=&#8220;4.16&#8243; _module_preset=&#8220;default&#8220; global_colors_info=&#8220;{}&#8220;][et_pb_menu menu_style=&#8220;centered&#8220; dropdown_menu_line_color=&#8220;#e30613&#8243; _builder_version=&#8220;4.17.4&#8243; _module_preset=&#8220;default&#8220; menu_text_color=&#8220;#FFFFFF&#8220; background_color=&#8220;#e30613&#8243; height=&#8220;45px&#8220; custom_padding=&#8220;4px||||false|false&#8220; sticky_position=&#8220;top&#8220; border_width_top=&#8220;1px&#8220; border_color_top=&#8220;#ff0000&#8243; global_colors_info=&#8220;{}&#8220;][\/et_pb_menu][\/et_pb_column][\/et_pb_row][\/et_pb_section][et_pb_section fb_built=&#8220;1&#8243; _builder_version=&#8220;4.17.3&#8243; _module_preset=&#8220;default&#8220; custom_margin=&#8220;0px|0px|0px|0px|false|false&#8220; custom_padding=&#8220;0px|0px|0px|0px|false|false&#8220; saved_tabs=&#8220;all&#8220; global_colors_info=&#8220;{}&#8220; global_module=&#8220;596&#8243; theme_builder_area=&#8220;post_content&#8220;][et_pb_row use_custom_gutter=&#8220;on&#8220; gutter_width=&#8220;1&#8243; make_equal=&#8220;on&#8220; _builder_version=&#8220;4.17.4&#8243; _module_preset=&#8220;default&#8220; width=&#8220;100%&#8220; max_width=&#8220;2560px&#8220; min_height=&#8220;600px&#8220; custom_margin=&#8220;|auto|0px|auto|false|false&#8220; custom_padding=&#8220;||0px|||&#8220; global_colors_info=&#8220;{}&#8220; theme_builder_area=&#8220;post_content&#8220;][et_pb_column type=&#8220;4_4&#8243; _builder_version=&#8220;4.16&#8243; _module_preset=&#8220;default&#8220; global_colors_info=&#8220;{}&#8220; theme_builder_area=&#8220;post_content&#8220;][et_pb_gallery gallery_ids=&#8220;98,99,100,101,102,103,213,212&#8243; fullwidth=&#8220;on&#8220; admin_label=&#8220;Galerie-Gewinner&#8220; _builder_version=&#8220;4.17.4&#8243; _module_preset=&#8220;default&#8220; pagination_font_size=&#8220;1px&#8220; min_height=&#8220;181px&#8220; height=&#8220;591px&#8220; max_height=&#8220;700px&#8220; custom_margin=&#8220;-38px||-275px||false|false&#8220; custom_padding=&#8220;||0px||false|false&#8220; animation_style=&#8220;fade&#8220; auto=&#8220;on&#8220; child_mix_blend_mode_last_edited=&#8220;off|desktop&#8220; global_colors_info=&#8220;{}&#8220; child_mix_blend_mode__hover_enabled=&#8220;off|desktop&#8220; theme_builder_area=&#8220;post_content&#8220;][\/et_pb_gallery][\/et_pb_column][\/et_pb_row][\/et_pb_section][et_pb_section fb_built=&#8220;1&#8243; _builder_version=&#8220;4.17.4&#8243; _module_preset=&#8220;default&#8220; hover_enabled=&#8220;0&#8243; global_colors_info=&#8220;{}&#8220; sticky_enabled=&#8220;0&#8243;][et_pb_row _builder_version=&#8220;4.17.3&#8243; _module_preset=&#8220;default&#8220; global_colors_info=&#8220;{}&#8220;][et_pb_column type=&#8220;4_4&#8243; _builder_version=&#8220;4.17.3&#8243; _module_preset=&#8220;default&#8220; global_colors_info=&#8220;{}&#8220;][et_pb_text _builder_version=&#8220;4.17.4&#8243; _module_preset=&#8220;default&#8220; global_colors_info=&#8220;{}&#8220;]<\/p>\n<h1>Troph\u00e4e<\/h1>\n<p>[\/et_pb_text][et_pb_text _builder_version=&#8220;4.17.4&#8243; _module_preset=&#8220;default&#8220; global_colors_info=&#8220;{}&#8220;]<\/p>\n<p><span><img loading=\"lazy\" decoding=\"async\" src=\"https:\/\/filmpreis.rznk.de\/wp-content\/uploads\/2022\/05\/Trophaee-300x300.png\" width=\"300\" height=\"300\" alt=\"\" class=\"wp-image-491 alignright size-medium\" \/>Die Troph\u00e4e ist eine Nachbildung des Signets des <\/span><em><strong>G\u00fcnter Rohrbach Filmpreises<\/strong><\/em><span> aus Metall. Sie wird hergestellt von der Firma Stauter Sondermaschinenbau in Neunkirchen. <\/span><\/p>\n<p><span>Das Signet besteht aus 8 Balken unterschiedlicher L\u00e4nge. Die Balken 3 und 5 sind schwarz und unterteilen die sonst roten Balken in 3 Abschnitte.<\/span><\/p>\n<p><span>Es stellt in abstrahierter Form die Verbindung zwischen dem Rhythmus eines Arbeitstages, einer gro\u00dfen Produktion von G\u00fcnter Rohrbach (Fa\u00dfbinders &#8222;Acht Stunden sind kein Tag&#8220;) und der klassischen Dramaturgie (3-Akter, Steigung, Wendepunkt, Krise, H\u00f6hepunkt, Aufl\u00f6sung) her. Die Bildmarke verweist damit inhaltlich auf die wichtigsten Aspekte des <\/span><em><strong>G\u00fcnter Rohrbach Filmpreises<\/strong><\/em><span>: Spielfilmproduktionen, die sich mit der Arbeitswelt auseinandersetzen.<\/span><\/p>\n<p><span>Die Farbe Rot wurde aus zwei Gr\u00fcnden gew\u00e4hlt: Zum einem ist sie die Hausfarbe der Kreisstadt Neunkirchen und zum zweiten unterst\u00fctzt sie durch die Assoziation von Aktivit\u00e4t das Thema Arbeit.<\/span><\/p>\n<p><span>Die Troph\u00e4e an sich wird, wie es gut zu Neunkirchens Historie und Gegenwart passt, aus Metall gefertigt. Hier werden die Unterbrechungen durch verschiedene Oberfl\u00e4chen (matt, poliert) dargestellt.<\/span><\/p>\n<p>[\/et_pb_text][\/et_pb_column][\/et_pb_row][\/et_pb_section][et_pb_section fb_built=&#8220;1&#8243; fullwidth=&#8220;on&#8220; _builder_version=&#8220;4.17.3&#8243; _module_preset=&#8220;default&#8220; global_colors_info=&#8220;{}&#8220;][et_pb_fullwidth_image src=&#8220;https:\/\/filmpreis.rznk.de\/wp-content\/uploads\/2022\/05\/footer_sponsoren.png&#8220; title_text=&#8220;footer_sponsoren&#8220; _builder_version=&#8220;4.17.4&#8243; _module_preset=&#8220;default&#8220; background_color=&#8220;#FFFFFF&#8220; custom_margin=&#8220;0px||||false|false&#8220; motion_trigger_start=&#8220;top&#8220; global_module=&#8220;358&#8243; saved_tabs=&#8220;all&#8220; global_colors_info=&#8220;{}&#8220;][\/et_pb_fullwidth_image][\/et_pb_section]<\/p>\n","protected":false},"excerpt":{"rendered":"<p>Troph\u00e4eDie Troph\u00e4e ist eine Nachbildung des Signets des G\u00fcnter Rohrbach Filmpreises aus Metall. Sie wird hergestellt von der Firma Stauter Sondermaschinenbau in Neunkirchen. Das Signet besteht aus 8 Balken unterschiedlicher L\u00e4nge. Die Balken 3 und 5 sind schwarz und unterteilen die sonst roten Balken in 3 Abschnitte. Es stellt in abstrahierter Form die Verbindung zwischen [&hellip;]<\/p>\n","protected":false},"author":2,"featured_media":0,"parent":0,"menu_order":0,"comment_status":"closed","ping_status":"closed","template":"","meta":{"_et_pb_use_builder":"on","_et_pb_old_content":"","_et_gb_content_width":"","footnotes":""},"class_list":["post-496","page","type-page","status-publish","hentry"],"_links":{"self":[{"href":"https:\/\/www.guenter-rohrbach-filmpreis.de\/index.php?rest_route=\/wp\/v2\/pages\/496","targetHints":{"allow":["GET"]}}],"collection":[{"href":"https:\/\/www.guenter-rohrbach-filmpreis.de\/index.php?rest_route=\/wp\/v2\/pages"}],"about":[{"href":"https:\/\/www.guenter-rohrbach-filmpreis.de\/index.php?rest_route=\/wp\/v2\/types\/page"}],"author":[{"embeddable":true,"href":"https:\/\/www.guenter-rohrbach-filmpreis.de\/index.php?rest_route=\/wp\/v2\/users\/2"}],"replies":[{"embeddable":true,"href":"https:\/\/www.guenter-rohrbach-filmpreis.de\/index.php?rest_route=%2Fwp%2Fv2%2Fcomments&post=496"}],"version-history":[{"count":5,"href":"https:\/\/www.guenter-rohrbach-filmpreis.de\/index.php?rest_route=\/wp\/v2\/pages\/496\/revisions"}],"predecessor-version":[{"id":609,"href":"https:\/\/www.guenter-rohrbach-filmpreis.de\/index.php?rest_route=\/wp\/v2\/pages\/496\/revisions\/609"}],"wp:attachment":[{"href":"https:\/\/www.guenter-rohrbach-filmpreis.de\/index.php?rest_route=%2Fwp%2Fv2%2Fmedia&parent=496"}],"curies":[{"name":"wp","href":"https:\/\/api.w.org\/{rel}","templated":true}]}}