{"id":692,"date":"2022-10-24T14:57:23","date_gmt":"2022-10-24T12:57:23","guid":{"rendered":"https:\/\/filmpreis.rznk.de\/?page_id=692"},"modified":"2025-11-08T11:24:20","modified_gmt":"2025-11-08T10:24:20","slug":"news","status":"publish","type":"page","link":"https:\/\/www.guenter-rohrbach-filmpreis.de\/?page_id=692","title":{"rendered":"News"},"content":{"rendered":"<p>[et_pb_section fb_built=&#8220;1&#8243; _builder_version=&#8220;4.17.3&#8243; _module_preset=&#8220;default&#8220; min_height=&#8220;216px&#8220; custom_margin=&#8220;-118px||||false|false&#8220; custom_padding=&#8220;||2px|||&#8220; global_colors_info=&#8220;{}&#8220;][et_pb_row use_custom_gutter=&#8220;on&#8220; gutter_width=&#8220;1&#8243; make_equal=&#8220;on&#8220; _builder_version=&#8220;4.18.0&#8243; _module_preset=&#8220;default&#8220; background_color=&#8220;RGBA(255,255,255,0)&#8220; width=&#8220;100%&#8220; max_width=&#8220;100%&#8220; custom_padding=&#8220;0px||0px||false|false&#8220; global_module=&#8220;329&#8243; global_colors_info=&#8220;{}&#8220;][et_pb_column type=&#8220;4_4&#8243; _builder_version=&#8220;4.16&#8243; _module_preset=&#8220;default&#8220; global_colors_info=&#8220;{}&#8220;][et_pb_image src=&#8220;https:\/\/filmpreis.rznk.de\/wp-content\/uploads\/2021\/10\/GR_FP_logo_web.png&#8220; title_text=&#8220;GR_FP_logo_web&#8220; align=&#8220;center&#8220; _builder_version=&#8220;4.18.0&#8243; _module_preset=&#8220;default&#8220; background_color=&#8220;RGBA(255,255,255,0)&#8220; min_height=&#8220;116px&#8220; height=&#8220;100px&#8220; max_height=&#8220;100px&#8220; custom_margin=&#8220;4px||||false|false&#8220; border_width_all=&#8220;3px&#8220; border_color_all=&#8220;RGBA(255,255,255,0)&#8220; global_colors_info=&#8220;{}&#8220;][\/et_pb_image][\/et_pb_column][\/et_pb_row][et_pb_row use_custom_gutter=&#8220;on&#8220; gutter_width=&#8220;1&#8243; make_equal=&#8220;on&#8220; _builder_version=&#8220;4.16&#8243; _module_preset=&#8220;default&#8220; width=&#8220;100%&#8220; max_width=&#8220;100%&#8220; custom_padding=&#8220;0px||0px||false|false&#8220; custom_css_main_element=&#8220;display: flex;&#8220; global_module=&#8220;330&#8243; global_colors_info=&#8220;{}&#8220;][et_pb_column type=&#8220;4_4&#8243; _builder_version=&#8220;4.16&#8243; _module_preset=&#8220;default&#8220; global_colors_info=&#8220;{}&#8220;][et_pb_menu menu_style=&#8220;centered&#8220; dropdown_menu_line_color=&#8220;#e30613&#8243; _builder_version=&#8220;4.17.4&#8243; _module_preset=&#8220;default&#8220; menu_text_color=&#8220;#FFFFFF&#8220; background_color=&#8220;#e30613&#8243; height=&#8220;45px&#8220; custom_padding=&#8220;4px||||false|false&#8220; sticky_position=&#8220;top&#8220; border_width_top=&#8220;1px&#8220; border_color_top=&#8220;#ff0000&#8243; global_colors_info=&#8220;{}&#8220;][\/et_pb_menu][\/et_pb_column][\/et_pb_row][\/et_pb_section][et_pb_section fb_built=&#8220;1&#8243; disabled_on=&#8220;off|off|off&#8220; _builder_version=&#8220;4.17.3&#8243; _module_preset=&#8220;default&#8220; custom_margin=&#8220;0px|0px|0px|0px|false|false&#8220; custom_padding=&#8220;0px|0px|0px|0px|false|false&#8220; global_module=&#8220;596&#8243; saved_tabs=&#8220;all&#8220; global_colors_info=&#8220;{}&#8220;][et_pb_row use_custom_gutter=&#8220;on&#8220; gutter_width=&#8220;1&#8243; make_equal=&#8220;on&#8220; _builder_version=&#8220;4.18.0&#8243; _module_preset=&#8220;default&#8220; width=&#8220;100%&#8220; max_width=&#8220;2560px&#8220; min_height=&#8220;600px&#8220; min_height_tablet=&#8220;232px&#8220; min_height_phone=&#8220;100px&#8220; min_height_last_edited=&#8220;on|phone&#8220; height=&#8220;100px&#8220; max_height=&#8220;100px&#8220; custom_margin=&#8220;|auto|0px|auto|false|false&#8220; custom_padding=&#8220;||0px|||&#8220; global_colors_info=&#8220;{}&#8220;][et_pb_column type=&#8220;4_4&#8243; _builder_version=&#8220;4.16&#8243; _module_preset=&#8220;default&#8220; global_colors_info=&#8220;{}&#8220;][et_pb_gallery gallery_ids=&#8220;1401,1400,212,103,98,99,100,101,102,213,1399&#8243; fullwidth=&#8220;on&#8220; admin_label=&#8220;Galerie-Gewinner&#8220; _builder_version=&#8220;4.27.2&#8243; _module_preset=&#8220;default&#8220; pagination_font_size=&#8220;1px&#8220; min_height=&#8220;590px&#8220; min_height_tablet=&#8220;&#8220; min_height_phone=&#8220;171px&#8220; min_height_last_edited=&#8220;on|phone&#8220; height=&#8220;591px&#8220; height_tablet=&#8220;&#8220; height_phone=&#8220;171px&#8220; height_last_edited=&#8220;on|phone&#8220; max_height=&#8220;700px&#8220; max_height_tablet=&#8220;&#8220; max_height_phone=&#8220;171px&#8220; max_height_last_edited=&#8220;on|phone&#8220; custom_margin=&#8220;-38px||-275px||false|false&#8220; custom_padding=&#8220;||0px||false|false&#8220; animation_style=&#8220;fade&#8220; auto=&#8220;on&#8220; child_mix_blend_mode_last_edited=&#8220;off|desktop&#8220; global_colors_info=&#8220;{}&#8220; child_mix_blend_mode__hover_enabled=&#8220;off|desktop&#8220;][\/et_pb_gallery][\/et_pb_column][\/et_pb_row][\/et_pb_section][et_pb_section fb_built=&#8220;1&#8243; _builder_version=&#8220;4.17.4&#8243; _module_preset=&#8220;default&#8220; min_height=&#8220;738px&#8220; custom_margin=&#8220;||||false|false&#8220; custom_padding=&#8220;||||false|false&#8220; global_colors_info=&#8220;{}&#8220;][et_pb_row _builder_version=&#8220;4.18.0&#8243; _module_preset=&#8220;default&#8220; min_height=&#8220;31px&#8220; custom_margin=&#8220;45px||-40px||false|false&#8220; custom_padding=&#8220;0px||||false|false&#8220; global_colors_info=&#8220;{}&#8220;][et_pb_column type=&#8220;4_4&#8243; _builder_version=&#8220;4.18.0&#8243; _module_preset=&#8220;default&#8220; global_colors_info=&#8220;{}&#8220;][et_pb_text _builder_version=&#8220;4.18.0&#8243; _module_preset=&#8220;default&#8220; global_colors_info=&#8220;{}&#8220;]<\/p>\n<h1>News zum G\u00fcnter Rohrbach Filmpreis<\/h1>\n<p>[\/et_pb_text][\/et_pb_column][\/et_pb_row][et_pb_row _builder_version=&#8220;4.18.0&#8243; _module_preset=&#8220;default&#8220; global_colors_info=&#8220;{}&#8220;][et_pb_column type=&#8220;4_4&#8243; _builder_version=&#8220;4.18.0&#8243; _module_preset=&#8220;default&#8220; global_colors_info=&#8220;{}&#8220;][et_pb_team_member name=&#8220;G\u00fcnter Rohrbach Filmpreis 2025 f\u00fcr  \u201eIn die Sonne schauen\u201c&#8220; image_url=&#8220;https:\/\/www.guenter-rohrbach-filmpreis.de\/wp-content\/uploads\/2025\/11\/Gewinner-weeb.png&#8220; disabled_on=&#8220;off|off|off&#8220; _builder_version=&#8220;4.27.4&#8243; _module_preset=&#8220;default&#8220; min_height=&#8220;290px&#8220; hover_enabled=&#8220;0&#8243; global_colors_info=&#8220;{}&#8220; title_text=&#8220;Gewinner-weeb&#8220; sticky_enabled=&#8220;0&#8243;]<\/p>\n<div class=\"news-single-subheader\" itemprop=\"description\">\n<p style=\"font-weight: 400;\"><strong>Neunkirchen, 07.11.2025<\/strong> \u2013 <span>Den <em>15. G\u00fcnter Rohrbach Filmpreis<\/em>, den die G\u00fcnter Rohrbach Filmpreis Stiftung in Zusammenarbeit mit der Kreisstadt Neunkirchen allj\u00e4hrlich vergibt, hat das Drama <strong>\u201eIn die Sonne schauen\u201c <\/strong>gewonnen. Die mit 10.000 Euro dotierte Auszeichnung wurde am Freitag, 07. November, in der Industriekultur-Kulisse der Neuen Gebl\u00e4sehalle Neunkirchen im Rahmen einer festlichen Gala verliehen.<\/span><\/p>\n<p style=\"font-weight: 400;\">Gemeinsam mit der Regisseurin <strong>Mascha Schilinski<\/strong> wurden die Produzenten von <strong>\u201eIn die Sonne schauen\u201c<\/strong>, <strong>Lucas Schmidt, Lasse Scharpen <\/strong>und<strong> Maren Schmitt<\/strong> ausgezeichnet.<\/p>\n<p style=\"font-weight: 400;\">Der Preis f\u00fcr die <strong>beste Schauspielleistung<\/strong> ging<span> an<\/span><strong> Leonie Benesch <\/strong>f\u00fcr ihre Rolle in <strong>\u201eHeldin\u201c<\/strong>.<\/p>\n<p style=\"font-weight: 400;\">Der<strong> Preis des Saarl\u00e4ndischen Rundfunks <\/strong>wurde den Produzenten<strong> Sol Bondy <\/strong>und<strong> Fred Burle <\/strong>und ihrer Hauptdarstellerin <strong>Mala Emde <\/strong>f\u00fcr den Film<strong> \u201eK\u00f6ln 75<\/strong>\u201c zugesprochen.<\/p>\n<p style=\"font-weight: 400;\">Den<strong> Preis der Ministerpr\u00e4sidentin <\/strong>gewannen <strong>Cosima Vellenzer<\/strong> (Ausstattung) und <strong>Sabrina Kr\u00e4mer<\/strong> (Kost\u00fcm) f\u00fcr <strong>\u201eIn die Sonne schauen\u201c<\/strong>.<\/p>\n<p style=\"font-weight: 400;\">Mit dem <strong>Preis des Oberb\u00fcrgermeisters <\/strong>wurden der Regisseur <strong>Christian Klandt <\/strong>und der Drehbuchautor <strong>Benedikt Gollhardt<\/strong> f\u00fcr ihren Film <strong>\u201eSterben f\u00fcr Beginner\u201c<\/strong> ausgezeichnet.<\/p>\n<\/div>\n<p>[\/et_pb_team_member][et_pb_team_member name=&#8220;Die Finalisten f\u00fcr den 15. G\u00fcnter Rohrbach Filmpreis sind ausgew\u00e4hlt&#8220; image_url=&#8220;https:\/\/www.guenter-rohrbach-filmpreis.de\/wp-content\/uploads\/2025\/10\/GRFP_LOGO_Full_HD_2.jpg&#8220; disabled_on=&#8220;off|off|off&#8220; _builder_version=&#8220;4.27.4&#8243; _module_preset=&#8220;default&#8220; min_height=&#8220;290px&#8220; global_colors_info=&#8220;{}&#8220;]<\/p>\n<div class=\"news-single-subheader\" itemprop=\"description\">\n<p style=\"font-weight: 400;\"><strong>Neunkirchen, 13.10.2025<\/strong> \u2013 Die Jury unter dem diesj\u00e4hrigen Vorsitz <span>des renommierten Regisseurs, Autors und Drehbuchautors\u00a0<\/span><strong>Dominik Graf<\/strong> hat die vier Finalistenfilme ausgew\u00e4hlt, die 2025 in der Endrunde um den 15. <em>G\u00fcnter Rohrbach Filmpreis<\/em> stehen.<\/p>\n<p style=\"font-weight: 400;\">Die Filme <strong>\u201eHeldin\u201c<\/strong> von Petra Volpe, \u201e<strong>In die Sonne schauen\u201c<\/strong> von Mascha Schilinski, <strong>\u201eK\u00f6ln 75\u201c<\/strong> von Ido Fluk und <strong>\u201eSterben f\u00fcr Beginner\u201c<\/strong> von Christian Klandt stehen im Finale der mit insgesamt 26.000 Euro dotierten Auszeichnung.<\/p>\n<p style=\"font-weight: 400;\">Neben dem Preis f\u00fcr den besten Film, der mit 10.000 Euro ausgeschrieben ist, werden vier weitere Preise vergeben: Der Preis f\u00fcr den besten Darsteller \/ die beste Darstellerin in H\u00f6he von 5.000 Euro und drei Sonderpreise in H\u00f6he von 2.500 Euro, 3.500 Euro und 5.000 Euro.<\/p>\n<p style=\"font-weight: 400;\"><strong><\/strong><\/p>\n<p style=\"font-weight: 400;\"><strong>Finalistenwoche und Preisverleihung:<\/strong><\/p>\n<p style=\"font-weight: 400;\">Die <strong>Preisverleihung<\/strong> des <em>G\u00fcnter Rohrbach Filmpreises<\/em> findet am <strong>07. November 2025<\/strong> in der Neuen Gebl\u00e4sehalle in Neunkirchen statt. Eintrittskarten sind unter <a href=\"http:\/\/www.ticket-regional.de\/\">www.ticket-regional.de<\/a>, an allen bekannten Vorverkaufsstellen oder \u00fcber die Ticket-Hotline 0651 \/ 97 90 777 erh\u00e4ltlich.<\/p>\n<p style=\"font-weight: 400;\">In der traditionellen <strong>Finalistenwoche vom 03. bis 06.11.2025<\/strong> werden die vier Film-Favoriten der Jury im Cinetower in Neunkirchen gezeigt. Eintrittskarten sind unter <a href=\"http:\/\/www.kino-neunkirchen.de\/\">www.kino-neunkirchen.de<\/a> oder vor Ort an der Kino-Kasse erh\u00e4ltlich.<\/p>\n<p style=\"font-weight: 400;\">Den Auftakt der Finalistenwoche macht am <strong>Sonntag, 02. November um 18 Uhr<\/strong> der <strong>\u201eSaarl\u00e4ndische Filmemacher Abend\u201c<\/strong> im Cinetower Neunkirchen (Eintritt frei).<\/p>\n<p style=\"font-weight: 400;\">\u00a0Im Anschluss an den Finalistenfilm am Donnerstagabend (06.11.2025) werden gegen 20 Uhr die Preistr\u00e4ger*innen des <strong>Drehbuchpreises<\/strong> in der Stummschen Reithalle ausgezeichnet, der 2021 von der <strong>G\u00fcnter Rohrbach Filmpreis Stiftung in Zusammenarbeit mit dem Verband f\u00fcr Film- und Fernsehdramaturgie (VeDRA) und der Master School Drehbuch Berlin (MSD)<\/strong> ins Leben gerufen wurde (Eintritt frei).<\/p>\n<\/div>\n<p>[\/et_pb_team_member][et_pb_team_member name=&#8220;Die acht Filme der Shortlist stehen fest&#8220; image_url=&#8220;https:\/\/www.guenter-rohrbach-filmpreis.de\/wp-content\/uploads\/2022\/04\/GRFP_LOGO_Full_HD_7.jpg&#8220; disabled_on=&#8220;off|off|off&#8220; _builder_version=&#8220;4.27.4&#8243; _module_preset=&#8220;default&#8220; min_height=&#8220;290px&#8220; global_colors_info=&#8220;{}&#8220;]<\/p>\n<div class=\"news-single-subheader\" itemprop=\"description\">\n<p style=\"font-weight: 400;\"><strong>Neunkirchen, 12. September 2025<\/strong> \u2013 Der Wettbewerb um den 15. <em>G\u00fcnter Rohrbach Filmpreis<\/em> geht in die hei\u00dfe Phase: 74 Einreichungen wurden von den Mitgliedern der Vorjury gesichtet und gemeinsam wurden acht Filme f\u00fcr die <strong>Shortlist<\/strong> ausgew\u00e4hlt:<\/p>\n<p style=\"font-weight: 400;\"><strong>\u201e22 Bahnen\u201c<\/strong> von Mia Maariel Meyer, <strong>\u201eAn einem Tag im September\u201c<\/strong> von Kai Wessel, <strong>\u201eHeldin\u201c<\/strong> von Petra Volpe, <strong>\u201eHow to be normal and the Oddness of the Other World\u201c<\/strong> von Florian Pochlatko, \u201e<strong>In die Sonne schauen\u201c<\/strong> von Mascha Schilinski, <strong>\u201eK\u00f6ln 75\u201c<\/strong>von Ido Fluk, <strong>\u201eSterben f\u00fcr Beginner\u201c<\/strong> von Christian Klandt und <strong>\u201eZweigstelle\u201c<\/strong> von Julius Grimm.<\/p>\n<p style=\"font-weight: 400;\">Die Mitglieder der Vorjury 2025 sind: <strong>Anna Reitze<\/strong> (Leiterin des Arthouse Kinos Camera Zwo), <strong>Barbara Wackernagel-Jacobs<\/strong>(Produzentin), <strong>David Lemm<\/strong> (freier Mitarbeiter der Saarbr\u00fccker Zeitung), <strong>Thure Riefenstein<\/strong> (Schauspieler, Regisseur und Drehbuchautor) und <strong>Florian Schmidt<\/strong> (Medienp\u00e4dagoge und Filmexperte).<\/p>\n<p style=\"font-weight: 400;\">Die acht Filme der Shortlist werden nun der Jury vorgelegt, die die Finalisten f\u00fcr den <em>G\u00fcnter Rohrbach Filmpreis<\/em> 2025 ausw\u00e4hlen wird. Den Vorsitz der diesj\u00e4hrigen Jury hat der Film- und Fernsehregisseur <strong>Dominik Graf<\/strong> inne. Die feierliche Filmpreis-Gala findet am Freitag, den 7. November, um 20 Uhr in der Neuen Gebl\u00e4sehalle in Neunkirchen statt.<\/p>\n<\/div>\n<p>[\/et_pb_team_member][et_pb_team_member name=&#8220;Dominik Graf ist Juryvorsitzender 2025&#8243; image_url=&#8220;https:\/\/www.guenter-rohrbach-filmpreis.de\/wp-content\/uploads\/2025\/06\/Dominik_Graf-Copyright-Caroline_Link.png&#8220; disabled_on=&#8220;off|off|off&#8220; _builder_version=&#8220;4.27.4&#8243; _module_preset=&#8220;default&#8220; min_height=&#8220;290px&#8220; global_colors_info=&#8220;{}&#8220;]<\/p>\n<div class=\"news-single-subheader\" itemprop=\"description\">\n<p style=\"font-weight: 400;\"><strong>Neunkirchen, 01. Juli 2025<\/strong> \u2013 der renommierte und vielfach ausgezeichnete Film- und Fernsehregisseur <strong>Dominik Graf <\/strong>\u00fcbernimmt den Juryvorsitz des 15.\u00a0<em>G\u00fcnter Rohrbach Filmpreises<\/em>. Er folgt damit auf Maria Schrader, die den Juryvorsitz 2024 innehatte.<\/p>\n<p style=\"font-weight: 400;\">Der Vorsitzende der G\u00fcnter Rohrbach Filmpreis Stiftung, Oberb\u00fcrgermeister a.D. J\u00fcrgen Fried, J\u00f6rg Aumann, Oberb\u00fcrgermeister der Kreisstadt Neunkirchen und Namensgeber G\u00fcnter Rohrbach freuen sich gemeinsam, dass mit\u00a0Dominik Graf einer der bedeutendsten Autoren- und Regiepers\u00f6nlichkeiten der deutschen Medienlandschaft f\u00fcr den Juryvorsitz des <em>G\u00fcnter Rohrbach Filmpreises<\/em> gewonnen werden konnte.<\/p>\n<p style=\"font-weight: 400;\">Dominik Graf, 1952 als Sohn des Schauspielers Robert Graf und der Schauspielerin und Schriftstellerin Selma Urfer geboren, studierte von 1974 bis 1979 an der Hochschule f\u00fcr Fernsehen und Film M\u00fcnchen, wo er seine Leidenschaft f\u00fcr Film und Fernsehen vertiefte.<\/p>\n<p style=\"font-weight: 400;\">Dominik Graf ist seit vielen Jahren einer der renommiertesten deutschen Regisseure und Drehbuchautoren, der sich vor allem durch seine innovativen und stilistisch vielf\u00e4ltigen Filme und Fernsehproduktionen einen Namen gemacht hat. Seine Arbeiten zeichnen sich durch komplexe Erz\u00e4hlstrukturen, tiefgr\u00fcndige Charakterentwicklung und eine besondere visuelle \u00c4sthetik aus. Viele seiner Produktionen wurden mit nationalen und internationalen Preisen ausgezeichnet.<\/p>\n<p style=\"font-weight: 400;\"><strong>Eine ausf\u00fchrliche Filmografie von Dominik Graf und ein Portr\u00e4tfoto des neuen Juryvorsitzenden stehen <span><a href=\"https:\/\/www.guenter-rohrbach-filmpreis.de\/?page_id=533\">hier <\/a><\/span><\/strong><strong>zum Download bereit.<\/strong><\/p>\n<p style=\"font-weight: 400;\">Unterst\u00fctzt werden der Juryvorsitzende und die festen Mitglieder der Jury um J\u00fcrgen Fried (Vorsitzender der G\u00fcnter Rohrbach Filmpreis Stiftung), Uli Aselmann (die film GmbH), Oliver Hottong (Saarl\u00e4ndischer Rundfunk), Ulrich H\u00f6cherl (Chefredakteur Blickpunkt:Film) und Thomas Reinhardt (Saarbr\u00fccker Zeitung) in diesem Jahr von der bekannten Schauspielerin Ulrike Kriener und dem Autor und Filmproduzenten Alfred Holighaus, der u.a. Gesch\u00e4ftsf\u00fchrer der Deutschen Filmakademie und Pr\u00e4sident der Spitzenorganisation der Filmwirtschaft (SPIO) war.<\/p>\n<p style=\"font-weight: 400;\">Foto: Caroline Link<\/p>\n<\/div>\n<p>[\/et_pb_team_member][et_pb_team_member name=&#8220;Die Ausschreibung f\u00fcr 2025 hat begonnen. &#8220; image_url=&#8220;https:\/\/www.guenter-rohrbach-filmpreis.de\/wp-content\/uploads\/2022\/04\/GRFP_LOGO_Full_HD_7.jpg&#8220; disabled_on=&#8220;off|off|off&#8220; _builder_version=&#8220;4.27.4&#8243; _module_preset=&#8220;default&#8220; min_height=&#8220;290px&#8220; global_colors_info=&#8220;{}&#8220;]<\/p>\n<div class=\"news-single-subheader\" itemprop=\"description\">\n<p style=\"font-weight: 400;\"><strong>Neunkirchen, 17.06.2025<\/strong> \u2013 \u201eFilm ab\u201c f\u00fcr den 15. <em>G\u00fcnter Rohrbach Filmpreis<\/em>! Die Ausschreibung hat begonnen und bis zum 01. August 2025 k\u00f6nnen deutschsprachige Kino- und Fernsehfilme, die das Thema \u201eArbeitswelt und Gesellschaft\u201c behandeln und eine L\u00e4nge von mindestens 80 Minuten haben, an dem renommierten Wettbewerb teilnehmen. Alle Informationen sowie die Ausschreibungsmodalit\u00e4ten finden Sie unter <a href=\"https:\/\/www.guenter-rohrbach-filmpreis.de\/?page_id=453\" target=\"_blank\" rel=\"noopener\">HIER<\/a>.<\/p>\n<p style=\"font-weight: 400;\">In W\u00fcrdigung der Verdienste des Kino- und Fernsehproduzenten Dr. G\u00fcnter Rohrbach, Sohn der Stadt Neunkirchen, und zur \u00fcberregionalen Kulturf\u00f6rderung deutschsprachiger Filme, vergibt die G\u00fcnter-Rohrbach-Filmpreis-Stiftung gemeinsam mit der Kreisstadt Neunkirchen f\u00fcnf mit insgesamt 26.000 Euro dotierte Auszeichnungen.<\/p>\n<p style=\"font-weight: 400;\">Die Verleihung des <em>G\u00fcnter Rohrbach Filmpreises<\/em> findet am 07. November in der Neuen Gebl\u00e4sehalle in Neunkirchen statt. Zus\u00e4tzlich zum Hauptpreis mit einer Preissumme von 10.000 Euro werden vier weitere Preise vergeben: Der Preis f\u00fcr den besten Darsteller \/ die beste Darstellerin in H\u00f6he von insgesamt 5.000 Euro und drei Sonderpreise i.H.v. 2.500 Euro, 3.500 Euro und 5.000 Euro.<\/p>\n<\/div>\n<p>[\/et_pb_team_member][et_pb_team_member name=&#8220;Der G\u00fcnter Rohrbach Filmpreis 2024 geht an  \u201eRickerl \u2013 Musik is h\u00f6chstens a Hobby\u201c&#8220; image_url=&#8220;https:\/\/www.guenter-rohrbach-filmpreis.de\/wp-content\/uploads\/2024\/11\/TS__2737-Kopie-scaled.jpeg&#8220; disabled_on=&#8220;off|off|off&#8220; _builder_version=&#8220;4.27.2&#8243; _module_preset=&#8220;default&#8220; min_height=&#8220;290px&#8220; global_colors_info=&#8220;{}&#8220;]<\/p>\n<div class=\"news-single-subheader\" itemprop=\"description\">\n<p style=\"font-weight: 400;\"><strong>Neunkirchen, 08.11.2024<\/strong> \u2013 <span>Der <em>14. G\u00fcnter Rohrbach Filmpreis<\/em>, den die G\u00fcnter Rohrbach Filmpreis Stiftung in Zusammenarbeit mit der Kreisstadt Neunkirchen allj\u00e4hrlich vergibt, geht an die Tragikom\u00f6die <strong>\u201eRickerl \u2013 Musik is h\u00f6chstens a Hobby\u201c<\/strong>. Die mit 10.000 Euro dotierte Auszeichnung wurde am Freitag, 08. November, in der Industriekultur-Kulisse der Neuen Gebl\u00e4sehalle Neunkirchen im Rahmen einer festlichen Gala verliehen.<\/span><\/p>\n<p style=\"font-weight: 400;\">Gemeinsam mit dem Regisseur <strong>Adrian Goiginger<\/strong> wurde der Produzent von <strong>\u201eRickerl\u201c<\/strong>, <strong>Gerrit Klein<\/strong> ausgezeichnet. Der Preis f\u00fcr die <strong>beste Schauspielleistung<\/strong> ging<span> an<\/span><strong> Liv Lisa Fries <\/strong>f\u00fcr ihre Rolle in <strong>\u201eIn Liebe, Eure Hilde\u201c<\/strong>. Der<strong> Preis des Saarl\u00e4ndischen Rundfunks <\/strong>wurde<strong> Marc Brummund <\/strong>f\u00fcr die Regiearbeit in seinem Film<strong> \u201eEin Mann seiner Klasse<\/strong>\u201czugesprochen. Der<strong> Preis der Saarland Medien GmbH <\/strong>ging an den Kameramann (Director of Photography) \u00a0<strong>Reinhold Vorschneider<\/strong> f\u00fcr <strong>\u201eVerbrannte Erde\u201c<\/strong>. Mit dem <strong>Preis des Oberb\u00fcrgermeisters <\/strong>wurde der Schauspieler und Musiker <strong>Voodoo J\u00fcrgens <\/strong>f\u00fcr seine Musik in <strong>\u201eRickerl\u201c<\/strong>ausgezeichnet.<\/p>\n<\/div>\n<p>[\/et_pb_team_member][\/et_pb_column][\/et_pb_row][\/et_pb_section][et_pb_section fb_built=&#8220;1&#8243; fullwidth=&#8220;on&#8220; _builder_version=&#8220;4.17.3&#8243; _module_preset=&#8220;default&#8220; global_colors_info=&#8220;{}&#8220;][et_pb_fullwidth_image src=&#8220;https:\/\/www.guenter-rohrbach-filmpreis.de\/wp-content\/uploads\/2025\/09\/Footer-2025_neu-1-scaled.png&#8220; title_text=&#8220;Footer 2025_neu&#8220; disabled_on=&#8220;off|off|off&#8220; _builder_version=&#8220;4.27.4&#8243; _module_preset=&#8220;default&#8220; background_color=&#8220;#FFFFFF&#8220; custom_margin=&#8220;0px||||false|false&#8220; motion_trigger_start=&#8220;top&#8220; global_module=&#8220;358&#8243; saved_tabs=&#8220;all&#8220; global_colors_info=&#8220;{}&#8220;][\/et_pb_fullwidth_image][\/et_pb_section]<\/p>\n","protected":false},"excerpt":{"rendered":"<p>News zum G\u00fcnter Rohrbach Filmpreis Neunkirchen, 07.11.2025 \u2013 Den 15. G\u00fcnter Rohrbach Filmpreis, den die G\u00fcnter Rohrbach Filmpreis Stiftung in Zusammenarbeit mit der Kreisstadt Neunkirchen allj\u00e4hrlich vergibt, hat das Drama \u201eIn die Sonne schauen\u201c gewonnen. Die mit 10.000 Euro dotierte Auszeichnung wurde am Freitag, 07. November, in der Industriekultur-Kulisse der Neuen Gebl\u00e4sehalle Neunkirchen im Rahmen [&hellip;]<\/p>\n","protected":false},"author":2,"featured_media":0,"parent":0,"menu_order":0,"comment_status":"closed","ping_status":"closed","template":"","meta":{"_et_pb_use_builder":"on","_et_pb_old_content":"","_et_gb_content_width":"","footnotes":""},"class_list":["post-692","page","type-page","status-publish","hentry"],"_links":{"self":[{"href":"https:\/\/www.guenter-rohrbach-filmpreis.de\/index.php?rest_route=\/wp\/v2\/pages\/692","targetHints":{"allow":["GET"]}}],"collection":[{"href":"https:\/\/www.guenter-rohrbach-filmpreis.de\/index.php?rest_route=\/wp\/v2\/pages"}],"about":[{"href":"https:\/\/www.guenter-rohrbach-filmpreis.de\/index.php?rest_route=\/wp\/v2\/types\/page"}],"author":[{"embeddable":true,"href":"https:\/\/www.guenter-rohrbach-filmpreis.de\/index.php?rest_route=\/wp\/v2\/users\/2"}],"replies":[{"embeddable":true,"href":"https:\/\/www.guenter-rohrbach-filmpreis.de\/index.php?rest_route=%2Fwp%2Fv2%2Fcomments&post=692"}],"version-history":[{"count":24,"href":"https:\/\/www.guenter-rohrbach-filmpreis.de\/index.php?rest_route=\/wp\/v2\/pages\/692\/revisions"}],"predecessor-version":[{"id":1769,"href":"https:\/\/www.guenter-rohrbach-filmpreis.de\/index.php?rest_route=\/wp\/v2\/pages\/692\/revisions\/1769"}],"wp:attachment":[{"href":"https:\/\/www.guenter-rohrbach-filmpreis.de\/index.php?rest_route=%2Fwp%2Fv2%2Fmedia&parent=692"}],"curies":[{"name":"wp","href":"https:\/\/api.w.org\/{rel}","templated":true}]}}