{"id":752,"date":"2022-10-25T15:22:31","date_gmt":"2022-10-25T13:22:31","guid":{"rendered":"https:\/\/filmpreis.rznk.de\/?page_id=752"},"modified":"2025-10-20T10:35:02","modified_gmt":"2025-10-20T08:35:02","slug":"finalisten-2022","status":"publish","type":"page","link":"https:\/\/www.guenter-rohrbach-filmpreis.de\/?page_id=752","title":{"rendered":"Finalisten 2025"},"content":{"rendered":"<p>[et_pb_section fb_built=&#8220;1&#8243; _builder_version=&#8220;4.17.3&#8243; _module_preset=&#8220;default&#8220; min_height=&#8220;216px&#8220; custom_margin=&#8220;-118px||||false|false&#8220; custom_padding=&#8220;||2px|||&#8220; global_colors_info=&#8220;{}&#8220;][et_pb_row use_custom_gutter=&#8220;on&#8220; gutter_width=&#8220;1&#8243; make_equal=&#8220;on&#8220; _builder_version=&#8220;4.18.0&#8243; _module_preset=&#8220;default&#8220; background_color=&#8220;RGBA(255,255,255,0)&#8220; width=&#8220;100%&#8220; max_width=&#8220;100%&#8220; custom_padding=&#8220;0px||0px||false|false&#8220; global_module=&#8220;329&#8243; global_colors_info=&#8220;{}&#8220;][et_pb_column type=&#8220;4_4&#8243; _builder_version=&#8220;4.16&#8243; _module_preset=&#8220;default&#8220; global_colors_info=&#8220;{}&#8220;][et_pb_image src=&#8220;https:\/\/filmpreis.rznk.de\/wp-content\/uploads\/2021\/10\/GR_FP_logo_web.png&#8220; title_text=&#8220;GR_FP_logo_web&#8220; align=&#8220;center&#8220; _builder_version=&#8220;4.18.0&#8243; _module_preset=&#8220;default&#8220; background_color=&#8220;RGBA(255,255,255,0)&#8220; min_height=&#8220;116px&#8220; height=&#8220;100px&#8220; max_height=&#8220;100px&#8220; custom_margin=&#8220;4px||||false|false&#8220; border_width_all=&#8220;3px&#8220; border_color_all=&#8220;RGBA(255,255,255,0)&#8220; global_colors_info=&#8220;{}&#8220;][\/et_pb_image][\/et_pb_column][\/et_pb_row][et_pb_row use_custom_gutter=&#8220;on&#8220; gutter_width=&#8220;1&#8243; make_equal=&#8220;on&#8220; _builder_version=&#8220;4.16&#8243; _module_preset=&#8220;default&#8220; width=&#8220;100%&#8220; max_width=&#8220;100%&#8220; custom_padding=&#8220;0px||0px||false|false&#8220; custom_css_main_element=&#8220;display: flex;&#8220; global_module=&#8220;330&#8243; global_colors_info=&#8220;{}&#8220;][et_pb_column type=&#8220;4_4&#8243; _builder_version=&#8220;4.16&#8243; _module_preset=&#8220;default&#8220; global_colors_info=&#8220;{}&#8220;][et_pb_menu menu_style=&#8220;centered&#8220; dropdown_menu_line_color=&#8220;#e30613&#8243; _builder_version=&#8220;4.17.4&#8243; _module_preset=&#8220;default&#8220; menu_text_color=&#8220;#FFFFFF&#8220; background_color=&#8220;#e30613&#8243; height=&#8220;45px&#8220; custom_padding=&#8220;4px||||false|false&#8220; sticky_position=&#8220;top&#8220; border_width_top=&#8220;1px&#8220; border_color_top=&#8220;#ff0000&#8243; global_colors_info=&#8220;{}&#8220;][\/et_pb_menu][\/et_pb_column][\/et_pb_row][\/et_pb_section][et_pb_section fb_built=&#8220;1&#8243; disabled_on=&#8220;off|off|off&#8220; _builder_version=&#8220;4.17.3&#8243; _module_preset=&#8220;default&#8220; custom_margin=&#8220;0px|0px|0px|0px|false|false&#8220; custom_padding=&#8220;0px|0px|0px|0px|false|false&#8220; global_module=&#8220;596&#8243; saved_tabs=&#8220;all&#8220; global_colors_info=&#8220;{}&#8220;][et_pb_row use_custom_gutter=&#8220;on&#8220; gutter_width=&#8220;1&#8243; make_equal=&#8220;on&#8220; _builder_version=&#8220;4.18.0&#8243; _module_preset=&#8220;default&#8220; width=&#8220;100%&#8220; max_width=&#8220;2560px&#8220; min_height=&#8220;600px&#8220; min_height_tablet=&#8220;232px&#8220; min_height_phone=&#8220;100px&#8220; min_height_last_edited=&#8220;on|phone&#8220; height=&#8220;100px&#8220; max_height=&#8220;100px&#8220; custom_margin=&#8220;|auto|0px|auto|false|false&#8220; custom_padding=&#8220;||0px|||&#8220; global_colors_info=&#8220;{}&#8220;][et_pb_column type=&#8220;4_4&#8243; _builder_version=&#8220;4.16&#8243; _module_preset=&#8220;default&#8220; global_colors_info=&#8220;{}&#8220;][et_pb_gallery gallery_ids=&#8220;1401,1400,212,103,98,99,100,101,102,213,1399&#8243; fullwidth=&#8220;on&#8220; admin_label=&#8220;Galerie-Gewinner&#8220; _builder_version=&#8220;4.27.2&#8243; _module_preset=&#8220;default&#8220; pagination_font_size=&#8220;1px&#8220; min_height=&#8220;590px&#8220; min_height_tablet=&#8220;&#8220; min_height_phone=&#8220;171px&#8220; min_height_last_edited=&#8220;on|phone&#8220; height=&#8220;591px&#8220; height_tablet=&#8220;&#8220; height_phone=&#8220;171px&#8220; height_last_edited=&#8220;on|phone&#8220; max_height=&#8220;700px&#8220; max_height_tablet=&#8220;&#8220; max_height_phone=&#8220;171px&#8220; max_height_last_edited=&#8220;on|phone&#8220; custom_margin=&#8220;-38px||-275px||false|false&#8220; custom_padding=&#8220;||0px||false|false&#8220; animation_style=&#8220;fade&#8220; auto=&#8220;on&#8220; child_mix_blend_mode_last_edited=&#8220;off|desktop&#8220; global_colors_info=&#8220;{}&#8220; child_mix_blend_mode__hover_enabled=&#8220;off|desktop&#8220;][\/et_pb_gallery][\/et_pb_column][\/et_pb_row][\/et_pb_section][et_pb_section fb_built=&#8220;1&#8243; _builder_version=&#8220;4.17.4&#8243; _module_preset=&#8220;default&#8220; min_height=&#8220;738px&#8220; custom_margin=&#8220;||||false|false&#8220; custom_padding=&#8220;||||false|false&#8220; global_colors_info=&#8220;{}&#8220;][et_pb_row _builder_version=&#8220;4.18.0&#8243; _module_preset=&#8220;default&#8220; min_height=&#8220;31px&#8220; custom_margin=&#8220;45px||-40px||false|false&#8220; custom_padding=&#8220;0px||||false|false&#8220; global_colors_info=&#8220;{}&#8220;][et_pb_column type=&#8220;4_4&#8243; _builder_version=&#8220;4.18.0&#8243; _module_preset=&#8220;default&#8220; global_colors_info=&#8220;{}&#8220;][et_pb_text _builder_version=&#8220;4.27.0&#8243; _module_preset=&#8220;default&#8220; global_colors_info=&#8220;{}&#8220;]<\/p>\n<h1>Finalistenfilme 2025<\/h1>\n<p>[\/et_pb_text][\/et_pb_column][\/et_pb_row][et_pb_row column_structure=&#8220;2_3,1_3&#8243; disabled_on=&#8220;off|off|off&#8220; _builder_version=&#8220;4.18.0&#8243; _module_preset=&#8220;default&#8220; global_colors_info=&#8220;{}&#8220;][et_pb_column type=&#8220;2_3&#8243; _builder_version=&#8220;4.18.0&#8243; _module_preset=&#8220;default&#8220; global_colors_info=&#8220;{}&#8220;][et_pb_text _builder_version=&#8220;4.27.2&#8243; _module_preset=&#8220;default&#8220; global_colors_info=&#8220;{}&#8220;]<\/p>\n<p>Nutzen Sie die Ticketlinks bei den einzelnen Filmen zur Bestellung oder nutzen Sie unser Kombiticket mit allen vier Finalistenfilme.<\/p>\n<p>[\/et_pb_text][\/et_pb_column][et_pb_column type=&#8220;1_3&#8243; _builder_version=&#8220;4.18.0&#8243; _module_preset=&#8220;default&#8220; global_colors_info=&#8220;{}&#8220;][et_pb_button button_url=&#8220;https:\/\/kinotickets.express\/neunkirchen_cinetower\/sale\/seats\/10013827&#8243; url_new_window=&#8220;on&#8220; button_text=&#8220;Kombitickets&#8220; disabled_on=&#8220;off|off|off&#8220; admin_label=&#8220;Richtlinien&#8220; _builder_version=&#8220;4.27.4&#8243; _module_preset=&#8220;default&#8220; custom_button=&#8220;on&#8220; button_text_color=&#8220;#FFFFFF&#8220; button_bg_color=&#8220;#e30613&#8243; button_border_color=&#8220;#e30613&#8243; button_border_radius=&#8220;0px&#8220; custom_css_main_element=&#8220;width: 100%;&#8220; global_colors_info=&#8220;{}&#8220;][\/et_pb_button][\/et_pb_column][\/et_pb_row][et_pb_row _builder_version=&#8220;4.18.0&#8243; _module_preset=&#8220;default&#8220; min_height=&#8220;330px&#8220; custom_margin=&#8220;-4px||-80px||false|false&#8220; global_colors_info=&#8220;{}&#8220;][et_pb_column type=&#8220;4_4&#8243; _builder_version=&#8220;4.18.0&#8243; _module_preset=&#8220;default&#8220; global_colors_info=&#8220;{}&#8220;][et_pb_team_member name=&#8220;K\u00f6ln 75 (Regie: Ido Fluk)&#8220; position=&#8220;Montag, 3. November 2025 &#8211; 18 Uhr&#8220; image_url=&#8220;https:\/\/www.guenter-rohrbach-filmpreis.de\/wp-content\/uploads\/2025\/10\/Koeln75.png&#8220; _builder_version=&#8220;4.27.4&#8243; _module_preset=&#8220;default&#8220; header_level=&#8220;h3&#8243; position_font=&#8220;|700|||||||&#8220; position_text_color=&#8220;#e30613&#8243; min_height=&#8220;319px&#8220; global_colors_info=&#8220;{}&#8220;]<\/p>\n<p>K\u00d6LN 75 erz\u00e4hlt die mitrei\u00dfende und wahre Geschichte der rebellischen 18-j\u00e4hrigen Vera Brandes (Mala Emde), die selbstbewusst und leidenschaftlich alles aufs Spiel setzt, um ihren Traum zu verwirklichen. Gegen den Willen ihrer konservativen Eltern bucht sie auf eigenes Risiko das K\u00f6lner Opernhaus, um Keith Jarrett (John Magaro) im Januar 1975 f\u00fcr ein Konzert nach K\u00f6ln zu holen. Sie wei\u00df es noch nicht, aber diese improvisierte Stunde am Klavier, die bis zuletzt zu scheitern droht, wird auf Schallplatte verewigt und von vielen als eines der popul\u00e4rsten Kunstwerke des 20. Jahrhunderts angesehen: Keith Jarretts \u201eThe K\u00f6ln Concert\u201c.<\/p>\n<p>Die Plattenver\u00f6ffentlichung \u201eThe K\u00f6ln Concert\u201c avanciert mit \u00fcber 4 Millionen verkauften Exemplaren zum erfolgreichsten Solo-Jazz-Release aller Zeiten. Regisseur und Autor Ido Fluk (THE TICKET) lie\u00df sich f\u00fcr K\u00d6LN 75 von den wahren Begebenheiten inspirieren und erz\u00e4hlt die unfassbare Geschichte dahinter. Im Mittelpunkt steht Vera Brandes, eine junge, zielstrebige und emanzipierte Frau, die sich in einer m\u00e4nnerdominierten Gesellschaft durchsetzt. Mala Emde (UND MORGEN DIE GANZE WELT) verk\u00f6rpert sie brillant als leidenschaftliche Musikliebhaberin und Rebellin, die in den turbulenten Siebzigerjahren unbeirrbar ihren Weg geht. An ihrer Seite sieht man John Magaro (PAST LIVES, SEPTEMBER 5) als Keith Jarrett sowie die deutschen Stars Alexander Scheer, Ulrich Tukur, J\u00f6rdis Triebel und Susanne Wolff.<br \/>Seine Weltpremiere feiert K\u00d6LN 75 auf den 75. Internationalen Filmfestspielen von Berlin.<\/p>\n<p><strong>Besetzung:<\/strong><br \/>Mala Emde, John Magaro, Michael Chernus, Alexander Scheer, J\u00f6rdis Triebel, Ulrich Tukur, Shirin Eissa, Enno Trebs, Susanne Wolff<\/p>\n<p>Foto: Alamode Film<\/p>\n<p>[\/et_pb_team_member][\/et_pb_column][\/et_pb_row][et_pb_row column_structure=&#8220;1_3,1_3,1_3&#8243; disabled_on=&#8220;off|off|off&#8220; _builder_version=&#8220;4.18.0&#8243; _module_preset=&#8220;default&#8220; global_colors_info=&#8220;{}&#8220;][et_pb_column type=&#8220;1_3&#8243; _builder_version=&#8220;4.18.0&#8243; _module_preset=&#8220;default&#8220; global_colors_info=&#8220;{}&#8220;][\/et_pb_column][et_pb_column type=&#8220;1_3&#8243; _builder_version=&#8220;4.18.0&#8243; _module_preset=&#8220;default&#8220; global_colors_info=&#8220;{}&#8220;][\/et_pb_column][et_pb_column type=&#8220;1_3&#8243; _builder_version=&#8220;4.18.0&#8243; _module_preset=&#8220;default&#8220; global_colors_info=&#8220;{}&#8220;][et_pb_button button_url=&#8220;https:\/\/kinotickets.express\/neunkirchen_cinetower\/sale\/seats\/13827&#8243; url_new_window=&#8220;on&#8220; button_text=&#8220;Tickets&#8220; disabled_on=&#8220;off|off|off&#8220; admin_label=&#8220;Richtlinien&#8220; _builder_version=&#8220;4.27.4&#8243; _module_preset=&#8220;default&#8220; custom_button=&#8220;on&#8220; button_text_color=&#8220;#FFFFFF&#8220; button_bg_color=&#8220;#e30613&#8243; button_border_color=&#8220;#e30613&#8243; button_border_radius=&#8220;0px&#8220; custom_css_main_element=&#8220;width: 100%;&#8220; global_colors_info=&#8220;{}&#8220;][\/et_pb_button][\/et_pb_column][\/et_pb_row][et_pb_row _builder_version=&#8220;4.18.0&#8243; _module_preset=&#8220;default&#8220; min_height=&#8220;330px&#8220; custom_margin=&#8220;-4px||-80px||false|false&#8220; global_colors_info=&#8220;{}&#8220;][et_pb_column type=&#8220;4_4&#8243; _builder_version=&#8220;4.18.0&#8243; _module_preset=&#8220;default&#8220; global_colors_info=&#8220;{}&#8220;][et_pb_team_member name=&#8220;In die Sonne schauen (Regie: Mascha Schilinski)&#8220; position=&#8220;Dienstag, 4. November 2025 &#8211; 18 Uhr&#8220; image_url=&#8220;https:\/\/www.guenter-rohrbach-filmpreis.de\/wp-content\/uploads\/2025\/10\/In_die_Sonne_schauen.png&#8220; _builder_version=&#8220;4.27.4&#8243; _module_preset=&#8220;default&#8220; header_level=&#8220;h3&#8243; position_font=&#8220;|700|||||||&#8220; position_text_color=&#8220;#e30613&#8243; min_height=&#8220;319px&#8220; global_colors_info=&#8220;{}&#8220;]<\/p>\n<p>Ein abgeschiedener Vierseitenhof in der Altmark. Die W\u00e4nde atmen seit \u00fcber einem Jahrhundert das Leben der Menschen, die hier wohnen, ihren Geschmack, ihr Sein in der Zeit. IN DIE SONNE SCHAUEN erz\u00e4hlt von vier Frauen aus unterschiedlichen Epochen \u2013 Alma (1910er), Erika (1940er), Angelika (1980er) und Nelly (2020er) \u2013 deren Leben auf unheimliche Weise miteinander verwoben sind. Jede von ihnen erlebt ihre Kindheit oder Jugend auf diesem Hof, doch w\u00e4hrend sie ihre eigene Gegenwart durchstreifen, offenbaren sich ihnen Spuren der Vergangenheit \u2013 unausgesprochene \u00c4ngste, verdr\u00e4ngte Traumata, versch\u00fcttete Geheimnisse. Alma entdeckt, dass sie nach ihrer verstorbenen Schwester benannt wurde und glaubt, dem gleichen Schicksal folgen zu m\u00fcssen. Erika verliert sich in einer gef\u00e4hrlichen Faszination f\u00fcr ihren versehrten Onkel. Angelika balanciert zwischen Todessehnsucht und Lebensgier, gefangen in einem br\u00fcchigen Familiensystem. Nelly schlie\u00dflich, die in scheinbarer Geborgenheit aufw\u00e4chst, wird von intensiven Tr\u00e4umen und der unbewussten Last der Vergangenheit heimgesucht. Als sich ein tragisches Ereignis auf dem Hof wiederholt, geraten die Grenzen zwischen Vergangenheit und Gegenwart ins Wanken. Einen gro\u00dfen, epochalen Film hat Mascha Schilinski mit IN DIE SONNE SCHAUEN geschaffen, eine Grand Tour in die feinsten Verzweigungen der Gef\u00fchlswelten dieser vier Frauen. IN DIE SONNE SCHAUEN zielt dabei auch auf unsere Gegenwart und unser sich akut ver\u00e4nderndes Erleben von Geschichte und dem Epochenwandel. Ein Film, der sich tief in unsere Wahrnehmung bohrt und die Sensation dort inszeniert, wo das Empfinden am Fl\u00fcchtigsten ist: im schnell verblassenden Gef\u00fchl von Zeit.<\/p>\n<p><strong>Besetzung<\/strong><br \/>Hanna Heckt, Susanne Wuest, Lena Urzendowsky, Lea Drinda, Leani Geiseler, Luise Heyer, Zo\u00eb Baier, Ninel Geiger, Filip Schnack, Florian Gei\u00dfelmann, Luzia Oppermann, Gode Benedix, Konstantin Lindhorst, Claudia Geisler-Bading, Greta Kr\u00e4mer, Helena L\u00fcer, Andreas Anke, Martin Rother, Anastasia Cherepakha, B\u00e4rbel Schwarz, Liane D\u00fcsterh\u00f6ft, Lucas Prisor<\/p>\n<p>Foto: Neue Visionen Film<\/p>\n<p>[\/et_pb_team_member][\/et_pb_column][\/et_pb_row][et_pb_row column_structure=&#8220;1_3,1_3,1_3&#8243; _builder_version=&#8220;4.18.0&#8243; _module_preset=&#8220;default&#8220; global_colors_info=&#8220;{}&#8220;][et_pb_column type=&#8220;1_3&#8243; _builder_version=&#8220;4.18.0&#8243; _module_preset=&#8220;default&#8220; global_colors_info=&#8220;{}&#8220;][\/et_pb_column][et_pb_column type=&#8220;1_3&#8243; _builder_version=&#8220;4.18.0&#8243; _module_preset=&#8220;default&#8220; global_colors_info=&#8220;{}&#8220;][\/et_pb_column][et_pb_column type=&#8220;1_3&#8243; _builder_version=&#8220;4.18.0&#8243; _module_preset=&#8220;default&#8220; global_colors_info=&#8220;{}&#8220;][et_pb_button button_url=&#8220;https:\/\/kinotickets.express\/neunkirchen_cinetower\/sale\/seats\/13828&#8243; url_new_window=&#8220;on&#8220; button_text=&#8220;Tickets&#8220; disabled_on=&#8220;off|off|off&#8220; admin_label=&#8220;Richtlinien&#8220; _builder_version=&#8220;4.27.4&#8243; _module_preset=&#8220;default&#8220; custom_button=&#8220;on&#8220; button_text_color=&#8220;#FFFFFF&#8220; button_bg_color=&#8220;#e30613&#8243; button_border_color=&#8220;#e30613&#8243; button_border_radius=&#8220;0px&#8220; custom_css_main_element=&#8220;width: 100%;&#8220; global_colors_info=&#8220;{}&#8220;][\/et_pb_button][\/et_pb_column][\/et_pb_row][et_pb_row _builder_version=&#8220;4.18.0&#8243; _module_preset=&#8220;default&#8220; min_height=&#8220;330px&#8220; custom_margin=&#8220;-4px||-80px||false|false&#8220; global_colors_info=&#8220;{}&#8220;][et_pb_column type=&#8220;4_4&#8243; _builder_version=&#8220;4.18.0&#8243; _module_preset=&#8220;default&#8220; global_colors_info=&#8220;{}&#8220;][et_pb_team_member name=&#8220;Sterben f\u00fcr Beginner (Regie: Christian Klandt)&#8220; position=&#8220;Mittwoch, 5. November 2025 &#8211; 18 Uhr&#8220; image_url=&#8220;https:\/\/www.guenter-rohrbach-filmpreis.de\/wp-content\/uploads\/2025\/10\/Sterben_fuer_Beginner.png&#8220; _builder_version=&#8220;4.27.4&#8243; _module_preset=&#8220;default&#8220; header_level=&#8220;h3&#8243; position_font=&#8220;|700|||||||&#8220; position_text_color=&#8220;#e30613&#8243; min_height=&#8220;319px&#8220; global_colors_info=&#8220;{}&#8220;]<\/p>\n<p style=\"font-weight: 400;\">Erics bester Freund Alex ist unheilbar krank. Und Eric erkennt, dass er keine Ahnung hat, wie das geht: sich verabschieden. Kurzerhand bewirbt er sich als Praktikant bei einem Bestatter.<br \/>Noch vor wenigen Tagen hat Eric endfrustriert seinen Traumjob als Musikmanager hingeschmissen. Jetzt schl\u00e4gt er sich zusammen mit Alex und Karla, Alex\u2018 hochschwangerer Freundin, durch die folgenden Wochen wie durch einen aberwitzigen Alptraum.<br \/>Als klar ist, dass Alex sterben wird, kommt es zum Streit zwischen Karla und Alex\u2018 Eltern, wo Alex bestattet werden soll. Eric steht als Bestatter pl\u00f6tzlich zwischen den Fronten und muss eine L\u00f6sung finden. Und bei all dem sitzt ihm sein strenger Bestatter-Chef Mutz im Nacken, der auf Recht und Ordnung pocht. Zwischen Verzweiflung und Melancholie findet Eric aber einen unkonventionellen und zugleich liebevollen Weg, den Abschied von seinem besten Freund Alex zu gestalten.<br \/>Der Film basiert auf dem Sachbuchbestseller \u201eThe End: Das Buch vom Tod\u201c von Eric Wrede.<\/p>\n<p><strong>Besetzung:<\/strong><br \/><span>Edin Hasanovic, Max Hubacher, Svenja Jung, Peter Kurth, Luna Jordan, Steffi K\u00fchnert, Wolfram Koch, Rike Eckermann, Martina Sch\u00f6ne-Radunski, M\u00e9lanie Fouch\u00e9, Mex Schl\u00fcpfer, Maya Morgeneyer, Roland Wolf, Adolfo Assor, Gerdy Zint<\/span><\/p>\n<p>Foto: ZDF\/ Hardy Spitz<\/p>\n<p>[\/et_pb_team_member][\/et_pb_column][\/et_pb_row][et_pb_row column_structure=&#8220;1_3,1_3,1_3&#8243; _builder_version=&#8220;4.18.0&#8243; _module_preset=&#8220;default&#8220; global_colors_info=&#8220;{}&#8220;][et_pb_column type=&#8220;1_3&#8243; _builder_version=&#8220;4.18.0&#8243; _module_preset=&#8220;default&#8220; global_colors_info=&#8220;{}&#8220;][\/et_pb_column][et_pb_column type=&#8220;1_3&#8243; _builder_version=&#8220;4.18.0&#8243; _module_preset=&#8220;default&#8220; global_colors_info=&#8220;{}&#8220;][\/et_pb_column][et_pb_column type=&#8220;1_3&#8243; _builder_version=&#8220;4.18.0&#8243; _module_preset=&#8220;default&#8220; global_colors_info=&#8220;{}&#8220;][et_pb_button button_url=&#8220;https:\/\/kinotickets.express\/neunkirchen_cinetower\/sale\/seats\/13829&#8243; url_new_window=&#8220;on&#8220; button_text=&#8220;Tickets&#8220; disabled_on=&#8220;off|off|off&#8220; admin_label=&#8220;Richtlinien&#8220; _builder_version=&#8220;4.27.4&#8243; _module_preset=&#8220;default&#8220; custom_button=&#8220;on&#8220; button_text_color=&#8220;#FFFFFF&#8220; button_bg_color=&#8220;#e30613&#8243; button_border_color=&#8220;#e30613&#8243; button_border_radius=&#8220;0px&#8220; custom_css_main_element=&#8220;width: 100%;&#8220; global_colors_info=&#8220;{}&#8220;][\/et_pb_button][\/et_pb_column][\/et_pb_row][et_pb_row _builder_version=&#8220;4.18.0&#8243; _module_preset=&#8220;default&#8220; min_height=&#8220;330px&#8220; custom_margin=&#8220;-4px||-80px||false|false&#8220; global_colors_info=&#8220;{}&#8220;][et_pb_column type=&#8220;4_4&#8243; _builder_version=&#8220;4.18.0&#8243; _module_preset=&#8220;default&#8220; global_colors_info=&#8220;{}&#8220;][et_pb_team_member name=&#8220;Heldin (Regie: Petra Volpe)&#8220; position=&#8220;Donnerstag, 6. November 2025 &#8211; 18 Uhr&#8220; image_url=&#8220;https:\/\/www.guenter-rohrbach-filmpreis.de\/wp-content\/uploads\/2025\/10\/Heldin.png&#8220; _builder_version=&#8220;4.27.4&#8243; _module_preset=&#8220;default&#8220; header_level=&#8220;h3&#8243; position_font=&#8220;|700|||||||&#8220; position_text_color=&#8220;#e30613&#8243; min_height=&#8220;287px&#8220; hover_enabled=&#8220;0&#8243; global_colors_info=&#8220;{}&#8220; sticky_enabled=&#8220;0&#8243;]<\/p>\n<p style=\"font-weight: 400;\"><span>Die Pflegefachfrau Floria arbeitet mit Leidenschaft und Professionalit\u00e4t auf der chirurgischen Abteilung eines Kantonsspitals. Bei ihr sitzt jeder Handgriff, sie hat auch in Stresssituationen ein offenes Ohr f\u00fcr die Patientinnen und Patienten und ist im Notfall sofort zur Stelle \u2013 idealerweise. Doch in der harten Realit\u00e4t ihres schwer kalkulierbaren Alltags sieht es oft anders aus. Als sie an diesem Tag ihre Sp\u00e4tschicht antritt, f\u00e4llt auf der voll belegten, unterbesetzten Station auch noch eine Kollegin aus. Trotz aller Hektik umsorgt Floria eine schwerkranke junge Mutter und einen alten Mann, der verzweifelt auf seine Diagnose wartet, ebenso f\u00fcrsorglich und routiniert wie einen Privatpatienten mit all seinen Extraw\u00fcnschen. Doch mit Fortschreiten der Nacht wird ihre Arbeit mehr und mehr zu einem Rennen gegen die Zeit.<\/span><\/p>\n<p><strong>Besetzung:<\/strong><br \/>Leonie Benesch, Sonja Riesen, Alireza Bayram, Selma Jamal Aldin, Urs Bihler, Margherita Schoch, Urbain Guiguemd\u00e9, Elisabeth Rolli, J\u00fcrg Pl\u00fcss, Lale Yavas<\/p>\n<p>Foto: Zodiac Pictures<\/p>\n<p>[\/et_pb_team_member][\/et_pb_column][\/et_pb_row][et_pb_row column_structure=&#8220;1_3,1_3,1_3&#8243; _builder_version=&#8220;4.18.0&#8243; _module_preset=&#8220;default&#8220; global_colors_info=&#8220;{}&#8220;][et_pb_column type=&#8220;1_3&#8243; _builder_version=&#8220;4.18.0&#8243; _module_preset=&#8220;default&#8220; global_colors_info=&#8220;{}&#8220;][\/et_pb_column][et_pb_column type=&#8220;1_3&#8243; _builder_version=&#8220;4.18.0&#8243; _module_preset=&#8220;default&#8220; global_colors_info=&#8220;{}&#8220;][\/et_pb_column][et_pb_column type=&#8220;1_3&#8243; _builder_version=&#8220;4.18.0&#8243; _module_preset=&#8220;default&#8220; global_colors_info=&#8220;{}&#8220;][et_pb_button button_url=&#8220;https:\/\/kinotickets.express\/neunkirchen_cinetower\/sale\/seats\/13826&#8243; url_new_window=&#8220;on&#8220; button_text=&#8220;Tickets&#8220; disabled_on=&#8220;off|off|off&#8220; admin_label=&#8220;Richtlinien&#8220; _builder_version=&#8220;4.27.4&#8243; _module_preset=&#8220;default&#8220; custom_button=&#8220;on&#8220; button_text_color=&#8220;#FFFFFF&#8220; button_bg_color=&#8220;#e30613&#8243; button_border_color=&#8220;#e30613&#8243; button_border_radius=&#8220;0px&#8220; custom_css_main_element=&#8220;width: 100%;&#8220; global_colors_info=&#8220;{}&#8220;][\/et_pb_button][\/et_pb_column][\/et_pb_row][\/et_pb_section][et_pb_section fb_built=&#8220;1&#8243; fullwidth=&#8220;on&#8220; _builder_version=&#8220;4.17.3&#8243; _module_preset=&#8220;default&#8220; global_colors_info=&#8220;{}&#8220;][et_pb_fullwidth_image src=&#8220;https:\/\/www.guenter-rohrbach-filmpreis.de\/wp-content\/uploads\/2025\/09\/Footer-2025_neu-1-scaled.png&#8220; title_text=&#8220;Footer 2025_neu&#8220; disabled_on=&#8220;off|off|off&#8220; _builder_version=&#8220;4.27.4&#8243; _module_preset=&#8220;default&#8220; background_color=&#8220;#FFFFFF&#8220; custom_margin=&#8220;0px||||false|false&#8220; motion_trigger_start=&#8220;top&#8220; global_module=&#8220;358&#8243; saved_tabs=&#8220;all&#8220; global_colors_info=&#8220;{}&#8220;][\/et_pb_fullwidth_image][\/et_pb_section]<\/p>\n","protected":false},"excerpt":{"rendered":"<p>Finalistenfilme 2025Nutzen Sie die Ticketlinks bei den einzelnen Filmen zur Bestellung oder nutzen Sie unser Kombiticket mit allen vier Finalistenfilme.K\u00d6LN 75 erz\u00e4hlt die mitrei\u00dfende und wahre Geschichte der rebellischen 18-j\u00e4hrigen Vera Brandes (Mala Emde), die selbstbewusst und leidenschaftlich alles aufs Spiel setzt, um ihren Traum zu verwirklichen. Gegen den Willen ihrer konservativen Eltern bucht sie [&hellip;]<\/p>\n","protected":false},"author":2,"featured_media":0,"parent":0,"menu_order":0,"comment_status":"closed","ping_status":"closed","template":"","meta":{"_et_pb_use_builder":"on","_et_pb_old_content":"","_et_gb_content_width":"","footnotes":""},"class_list":["post-752","page","type-page","status-publish","hentry"],"_links":{"self":[{"href":"https:\/\/www.guenter-rohrbach-filmpreis.de\/index.php?rest_route=\/wp\/v2\/pages\/752","targetHints":{"allow":["GET"]}}],"collection":[{"href":"https:\/\/www.guenter-rohrbach-filmpreis.de\/index.php?rest_route=\/wp\/v2\/pages"}],"about":[{"href":"https:\/\/www.guenter-rohrbach-filmpreis.de\/index.php?rest_route=\/wp\/v2\/types\/page"}],"author":[{"embeddable":true,"href":"https:\/\/www.guenter-rohrbach-filmpreis.de\/index.php?rest_route=\/wp\/v2\/users\/2"}],"replies":[{"embeddable":true,"href":"https:\/\/www.guenter-rohrbach-filmpreis.de\/index.php?rest_route=%2Fwp%2Fv2%2Fcomments&post=752"}],"version-history":[{"count":20,"href":"https:\/\/www.guenter-rohrbach-filmpreis.de\/index.php?rest_route=\/wp\/v2\/pages\/752\/revisions"}],"predecessor-version":[{"id":1744,"href":"https:\/\/www.guenter-rohrbach-filmpreis.de\/index.php?rest_route=\/wp\/v2\/pages\/752\/revisions\/1744"}],"wp:attachment":[{"href":"https:\/\/www.guenter-rohrbach-filmpreis.de\/index.php?rest_route=%2Fwp%2Fv2%2Fmedia&parent=752"}],"curies":[{"name":"wp","href":"https:\/\/api.w.org\/{rel}","templated":true}]}}