{"id":76,"date":"2022-02-15T15:43:33","date_gmt":"2022-02-15T14:43:33","guid":{"rendered":"https:\/\/filmpreis.rznk.de\/?page_id=76"},"modified":"2025-11-24T08:58:48","modified_gmt":"2025-11-24T07:58:48","slug":"home","status":"publish","type":"page","link":"https:\/\/www.guenter-rohrbach-filmpreis.de\/","title":{"rendered":"Home"},"content":{"rendered":"<p>[et_pb_section fb_built=&#8220;1&#8243; _builder_version=&#8220;4.17.3&#8243; _module_preset=&#8220;default&#8220; min_height=&#8220;216px&#8220; custom_margin=&#8220;-118px||||false|false&#8220; custom_padding=&#8220;||2px|||&#8220; global_colors_info=&#8220;{}&#8220;][et_pb_row use_custom_gutter=&#8220;on&#8220; gutter_width=&#8220;1&#8243; make_equal=&#8220;on&#8220; _builder_version=&#8220;4.18.0&#8243; _module_preset=&#8220;default&#8220; background_color=&#8220;RGBA(255,255,255,0)&#8220; width=&#8220;100%&#8220; max_width=&#8220;100%&#8220; custom_padding=&#8220;0px||0px||false|false&#8220; global_module=&#8220;329&#8243; global_colors_info=&#8220;{}&#8220;][et_pb_column type=&#8220;4_4&#8243; _builder_version=&#8220;4.16&#8243; _module_preset=&#8220;default&#8220; global_colors_info=&#8220;{}&#8220;][et_pb_image src=&#8220;https:\/\/filmpreis.rznk.de\/wp-content\/uploads\/2021\/10\/GR_FP_logo_web.png&#8220; title_text=&#8220;GR_FP_logo_web&#8220; align=&#8220;center&#8220; _builder_version=&#8220;4.18.0&#8243; _module_preset=&#8220;default&#8220; background_color=&#8220;RGBA(255,255,255,0)&#8220; min_height=&#8220;116px&#8220; height=&#8220;100px&#8220; max_height=&#8220;100px&#8220; custom_margin=&#8220;4px||||false|false&#8220; border_width_all=&#8220;3px&#8220; border_color_all=&#8220;RGBA(255,255,255,0)&#8220; global_colors_info=&#8220;{}&#8220;][\/et_pb_image][\/et_pb_column][\/et_pb_row][et_pb_row use_custom_gutter=&#8220;on&#8220; gutter_width=&#8220;1&#8243; make_equal=&#8220;on&#8220; _builder_version=&#8220;4.16&#8243; _module_preset=&#8220;default&#8220; width=&#8220;100%&#8220; max_width=&#8220;100%&#8220; custom_padding=&#8220;0px||0px||false|false&#8220; custom_css_main_element=&#8220;display: flex;&#8220; global_module=&#8220;330&#8243; global_colors_info=&#8220;{}&#8220;][et_pb_column type=&#8220;4_4&#8243; _builder_version=&#8220;4.16&#8243; _module_preset=&#8220;default&#8220; global_colors_info=&#8220;{}&#8220;][et_pb_menu menu_style=&#8220;centered&#8220; dropdown_menu_line_color=&#8220;#e30613&#8243; _builder_version=&#8220;4.17.4&#8243; _module_preset=&#8220;default&#8220; menu_text_color=&#8220;#FFFFFF&#8220; background_color=&#8220;#e30613&#8243; height=&#8220;45px&#8220; custom_padding=&#8220;4px||||false|false&#8220; sticky_position=&#8220;top&#8220; border_width_top=&#8220;1px&#8220; border_color_top=&#8220;#ff0000&#8243; global_colors_info=&#8220;{}&#8220;][\/et_pb_menu][\/et_pb_column][\/et_pb_row][\/et_pb_section][et_pb_section fb_built=&#8220;1&#8243; disabled_on=&#8220;off|off|off&#8220; _builder_version=&#8220;4.17.3&#8243; _module_preset=&#8220;default&#8220; custom_margin=&#8220;0px|0px|0px|0px|false|false&#8220; custom_padding=&#8220;0px|0px|0px|0px|false|false&#8220; global_module=&#8220;596&#8243; saved_tabs=&#8220;all&#8220; global_colors_info=&#8220;{}&#8220;][et_pb_row use_custom_gutter=&#8220;on&#8220; gutter_width=&#8220;1&#8243; make_equal=&#8220;on&#8220; _builder_version=&#8220;4.18.0&#8243; _module_preset=&#8220;default&#8220; width=&#8220;100%&#8220; max_width=&#8220;2560px&#8220; min_height=&#8220;600px&#8220; min_height_tablet=&#8220;232px&#8220; min_height_phone=&#8220;100px&#8220; min_height_last_edited=&#8220;on|phone&#8220; height=&#8220;100px&#8220; max_height=&#8220;100px&#8220; custom_margin=&#8220;|auto|0px|auto|false|false&#8220; custom_padding=&#8220;||0px|||&#8220; global_colors_info=&#8220;{}&#8220;][et_pb_column type=&#8220;4_4&#8243; _builder_version=&#8220;4.16&#8243; _module_preset=&#8220;default&#8220; global_colors_info=&#8220;{}&#8220;][et_pb_gallery gallery_ids=&#8220;1765,1401,1400,212,103,98,99,100,101,102,213,1399&#8243; fullwidth=&#8220;on&#8220; admin_label=&#8220;Galerie-Gewinner&#8220; _builder_version=&#8220;4.27.4&#8243; _module_preset=&#8220;default&#8220; pagination_font_size=&#8220;1px&#8220; min_height=&#8220;590px&#8220; min_height_tablet=&#8220;&#8220; min_height_phone=&#8220;171px&#8220; min_height_last_edited=&#8220;on|phone&#8220; height=&#8220;591px&#8220; height_tablet=&#8220;&#8220; height_phone=&#8220;171px&#8220; height_last_edited=&#8220;on|phone&#8220; max_height=&#8220;700px&#8220; max_height_tablet=&#8220;&#8220; max_height_phone=&#8220;171px&#8220; max_height_last_edited=&#8220;on|phone&#8220; custom_margin=&#8220;-38px||-275px||false|false&#8220; custom_padding=&#8220;||0px||false|false&#8220; animation_style=&#8220;fade&#8220; auto=&#8220;on&#8220; hover_enabled=&#8220;0&#8243; child_mix_blend_mode_last_edited=&#8220;off|desktop&#8220; global_colors_info=&#8220;{}&#8220; child_mix_blend_mode__hover_enabled=&#8220;off|desktop&#8220; sticky_enabled=&#8220;0&#8243;][\/et_pb_gallery][\/et_pb_column][\/et_pb_row][\/et_pb_section][et_pb_section fb_built=&#8220;1&#8243; _builder_version=&#8220;4.17.4&#8243; _module_preset=&#8220;default&#8220; min_height=&#8220;738px&#8220; custom_margin=&#8220;||||false|false&#8220; custom_padding=&#8220;||||false|false&#8220; global_colors_info=&#8220;{}&#8220;][et_pb_row _builder_version=&#8220;4.17.3&#8243; _module_preset=&#8220;default&#8220; global_colors_info=&#8220;{}&#8220;][et_pb_column type=&#8220;4_4&#8243; _builder_version=&#8220;4.17.3&#8243; _module_preset=&#8220;default&#8220; global_colors_info=&#8220;{}&#8220;][et_pb_text disabled_on=&#8220;off|off|off&#8220; _builder_version=&#8220;4.18.0&#8243; _module_preset=&#8220;default&#8220; global_colors_info=&#8220;{}&#8220;]<\/p>\n<h2>Herzlich willkommen beim <em>G\u00fcnter Rohrbach Filmpreis<\/em><\/h2>\n<h5>Seit 2011 findet in Neunkirchen die Verleihung des <em>G\u00fcnter Rohrbach Filmpreises<\/em> statt. Damit ehrt die Kreisstadt Neunkirchen ihren ber\u00fchmtesten Sohn, den bekannten Filmproduzenten Prof. Dr. G\u00fcnter Rohrbach.<\/h5>\n<p>[\/et_pb_text][et_pb_divider color=&#8220;#e30613&#8243; _builder_version=&#8220;4.18.0&#8243; _module_preset=&#8220;default&#8220; global_colors_info=&#8220;{}&#8220;][\/et_pb_divider][\/et_pb_column][\/et_pb_row][et_pb_row _builder_version=&#8220;4.27.4&#8243; _module_preset=&#8220;default&#8220; global_colors_info=&#8220;{}&#8220;][et_pb_column type=&#8220;4_4&#8243; _builder_version=&#8220;4.27.4&#8243; _module_preset=&#8220;default&#8220; global_colors_info=&#8220;{}&#8220;][et_pb_text disabled_on=&#8220;off|off|off&#8220; _builder_version=&#8220;4.27.4&#8243; _module_preset=&#8220;default&#8220; global_colors_info=&#8220;{}&#8220;]<\/p>\n<h1>Roter Teppich 2025<\/h1>\n<p>[\/et_pb_text][et_pb_gallery gallery_ids=&#8220;1775,1873,1872,1871,1870,1869,1868,1867,1866,1865,1864,1863,1862,1861,1860,1859,1858,1857,1856,1855,1854,1853,1852,1851,1850,1849,1848,1847,1846,1845,1844,1843,1842,1841,1840,1839,1838,1837,1836,1835,1834,1833,1832,1831,1830,1829,1828,1827,1826,1825,1824,1823,1822,1821,1820,1819,1818,1817,1816,1815,1814,1813,1812,1811,1810,1809,1808,1807,1806,1805,1804,1803,1802,1801,1800,1799,1798,1797,1796,1795,1794,1793,1792,1791,1790,1789,1788,1787,1786,1785,1784,1783,1782,1781,1780,1779,1778,1777,1776&#8243; fullwidth=&#8220;on&#8220; admin_label=&#8220;Roter Teppich 2025&#8243; _builder_version=&#8220;4.27.4&#8243; _module_preset=&#8220;default&#8220; width=&#8220;65%&#8220; module_alignment=&#8220;center&#8220; animation_style=&#8220;fade&#8220; animation_duration=&#8220;100ms&#8220; auto=&#8220;on&#8220; hover_transition_duration=&#8220;100ms&#8220; global_colors_info=&#8220;{}&#8220;][\/et_pb_gallery][\/et_pb_column][\/et_pb_row][et_pb_row column_structure=&#8220;1_2,1_2&#8243; disabled_on=&#8220;on|on|on&#8220; _builder_version=&#8220;4.17.3&#8243; _module_preset=&#8220;default&#8220; disabled=&#8220;on&#8220; global_colors_info=&#8220;{}&#8220;][et_pb_column type=&#8220;1_2&#8243; _builder_version=&#8220;4.17.3&#8243; _module_preset=&#8220;default&#8220; global_colors_info=&#8220;{}&#8220;][et_pb_text _builder_version=&#8220;4.27.4&#8243; _module_preset=&#8220;default&#8220; global_colors_info=&#8220;{}&#8220;]<\/p>\n<h2>Tickets und Programminfos<\/h2>\n<p>[\/et_pb_text][et_pb_button button_url=&#8220;@ET-DC@eyJkeW5hbWljIjp0cnVlLCJjb250ZW50IjoicG9zdF9saW5rX3VybF9wYWdlIiwic2V0dGluZ3MiOnsicG9zdF9pZCI6IjUxOCJ9fQ==@&#8220; url_new_window=&#8220;on&#8220; button_text=&#8220;Rahmenprogramm 2025&#8243; disabled_on=&#8220;off|off|off&#8220; admin_label=&#8220;Richtlinien&#8220; _builder_version=&#8220;4.27.4&#8243; _dynamic_attributes=&#8220;button_url&#8220; _module_preset=&#8220;default&#8220; custom_button=&#8220;on&#8220; button_text_color=&#8220;#FFFFFF&#8220; button_bg_color=&#8220;#e30613&#8243; button_border_color=&#8220;#e30613&#8243; button_border_radius=&#8220;0px&#8220; custom_css_main_element=&#8220;width: 100%;&#8220; global_colors_info=&#8220;{}&#8220;][\/et_pb_button][et_pb_button button_url=&#8220;@ET-DC@eyJkeW5hbWljIjp0cnVlLCJjb250ZW50IjoicG9zdF9saW5rX3VybF9wYWdlIiwic2V0dGluZ3MiOnsicG9zdF9pZCI6IjE0NjUifX0=@&#8220; url_new_window=&#8220;on&#8220; button_text=&#8220;Tickets und Infos Schulkinowochen 2024&#8243; disabled_on=&#8220;on|on|on&#8220; admin_label=&#8220;Richtlinien&#8220; _builder_version=&#8220;4.27.2&#8243; _dynamic_attributes=&#8220;button_url&#8220; _module_preset=&#8220;default&#8220; custom_button=&#8220;on&#8220; button_text_color=&#8220;#FFFFFF&#8220; button_bg_color=&#8220;#e30613&#8243; button_border_color=&#8220;#e30613&#8243; button_border_radius=&#8220;0px&#8220; custom_css_main_element=&#8220;width: 100%;&#8220; disabled=&#8220;on&#8220; global_colors_info=&#8220;{}&#8220;][\/et_pb_button][et_pb_divider color=&#8220;#FFFFFF&#8220; _builder_version=&#8220;4.17.4&#8243; _module_preset=&#8220;default&#8220; global_colors_info=&#8220;{}&#8220;][\/et_pb_divider][\/et_pb_column][et_pb_column type=&#8220;1_2&#8243; _builder_version=&#8220;4.17.3&#8243; _module_preset=&#8220;default&#8220; global_colors_info=&#8220;{}&#8220;][et_pb_text _builder_version=&#8220;4.27.2&#8243; _module_preset=&#8220;default&#8220; global_colors_info=&#8220;{}&#8220;]<\/p>\n<h2>\u00a0\u00a0<\/h2>\n<p>[\/et_pb_text][et_pb_button button_url=&#8220;@ET-DC@eyJkeW5hbWljIjp0cnVlLCJjb250ZW50IjoicG9zdF9saW5rX3VybF9wYWdlIiwic2V0dGluZ3MiOnsicG9zdF9pZCI6Ijc1MiJ9fQ==@&#8220; url_new_window=&#8220;on&#8220; button_text=&#8220;Tickets und Infos Finalistenwoche 2025&#8243; disabled_on=&#8220;off|off|off&#8220; admin_label=&#8220;Richtlinien&#8220; _builder_version=&#8220;4.27.4&#8243; _dynamic_attributes=&#8220;button_url&#8220; _module_preset=&#8220;default&#8220; custom_button=&#8220;on&#8220; button_text_color=&#8220;#FFFFFF&#8220; button_bg_color=&#8220;#e30613&#8243; button_border_color=&#8220;#e30613&#8243; button_border_radius=&#8220;0px&#8220; custom_css_main_element=&#8220;width: 100%;&#8220; global_colors_info=&#8220;{}&#8220;][\/et_pb_button][et_pb_button button_url=&#8220;https:\/\/www.ticket-regional.de\/events_info.php?eventID=242023&#8243; url_new_window=&#8220;on&#8220; button_text=&#8220;Tickets Preisverleihung 2025&#8243; admin_label=&#8220;Richtlinien&#8220; _builder_version=&#8220;4.27.4&#8243; _module_preset=&#8220;default&#8220; custom_button=&#8220;on&#8220; button_text_color=&#8220;#FFFFFF&#8220; button_bg_color=&#8220;#e30613&#8243; button_border_color=&#8220;#e30613&#8243; button_border_radius=&#8220;0px&#8220; custom_css_main_element=&#8220;width: 100%;&#8220; global_colors_info=&#8220;{}&#8220;][\/et_pb_button][\/et_pb_column][\/et_pb_row][et_pb_row disabled_on=&#8220;on|on|on&#8220; _builder_version=&#8220;4.20.4&#8243; _module_preset=&#8220;default&#8220; disabled=&#8220;on&#8220; global_colors_info=&#8220;{}&#8220;][et_pb_column type=&#8220;4_4&#8243; _builder_version=&#8220;4.20.4&#8243; _module_preset=&#8220;default&#8220; global_colors_info=&#8220;{}&#8220;][et_pb_text _builder_version=&#8220;4.20.4&#8243; _module_preset=&#8220;default&#8220; global_colors_info=&#8220;{}&#8220;]<\/p>\n<h2>Die Einreichungsfrist ist gestartet. Melden Sie jetzt Ihre Filme an.<\/h2>\n<p>[\/et_pb_text][\/et_pb_column][\/et_pb_row][et_pb_row column_structure=&#8220;1_2,1_2&#8243; disabled_on=&#8220;on|on|on&#8220; _builder_version=&#8220;4.20.4&#8243; _module_preset=&#8220;default&#8220; disabled=&#8220;on&#8220; global_colors_info=&#8220;{}&#8220;][et_pb_column type=&#8220;1_2&#8243; _builder_version=&#8220;4.20.4&#8243; _module_preset=&#8220;default&#8220; global_colors_info=&#8220;{}&#8220;][et_pb_button button_url=&#8220;https:\/\/www.guenter-rohrbach-filmpreis.de\/?page_id=527&#8243; button_text=&#8220;Anmeldeformular&#8220; disabled_on=&#8220;off|off|off&#8220; admin_label=&#8220;Anmeldeformular&#8220; _builder_version=&#8220;4.21.0&#8243; _module_preset=&#8220;default&#8220; custom_button=&#8220;on&#8220; button_text_color=&#8220;#FFFFFF&#8220; button_bg_color=&#8220;#e30613&#8243; button_border_width=&#8220;2px&#8220; button_border_color=&#8220;#e30613&#8243; button_border_radius=&#8220;0px&#8220; custom_css_main_element=&#8220;width: 100%;&#8220; global_colors_info=&#8220;{}&#8220;][\/et_pb_button][et_pb_button button_url=&#8220;https:\/\/www.guenter-rohrbach-filmpreis.de\/?page_id=415&#8243; button_text=&#8220;Richtlinien&#8220; admin_label=&#8220;Richtlinien&#8220; _builder_version=&#8220;4.21.0&#8243; _module_preset=&#8220;default&#8220; custom_button=&#8220;on&#8220; button_text_color=&#8220;#FFFFFF&#8220; button_bg_color=&#8220;#e30613&#8243; button_border_color=&#8220;#e30613&#8243; button_border_radius=&#8220;0px&#8220; custom_css_main_element=&#8220;width: 100%;&#8220; global_colors_info=&#8220;{}&#8220;][\/et_pb_button][\/et_pb_column][et_pb_column type=&#8220;1_2&#8243; _builder_version=&#8220;4.20.4&#8243; _module_preset=&#8220;default&#8220; global_colors_info=&#8220;{}&#8220;][\/et_pb_column][\/et_pb_row][et_pb_row disabled_on=&#8220;off|off|off&#8220; _builder_version=&#8220;4.20.4&#8243; _module_preset=&#8220;default&#8220; global_colors_info=&#8220;{}&#8220;][et_pb_column type=&#8220;4_4&#8243; _builder_version=&#8220;4.20.4&#8243; _module_preset=&#8220;default&#8220; global_colors_info=&#8220;{}&#8220;][et_pb_divider color=&#8220;#e30613&#8243; _builder_version=&#8220;4.18.0&#8243; _module_preset=&#8220;default&#8220; global_colors_info=&#8220;{}&#8220;][\/et_pb_divider][\/et_pb_column][\/et_pb_row][et_pb_row _builder_version=&#8220;4.18.0&#8243; _module_preset=&#8220;default&#8220; min_height=&#8220;31px&#8220; custom_margin=&#8220;45px||-40px||false|false&#8220; custom_padding=&#8220;0px||||false|false&#8220; global_colors_info=&#8220;{}&#8220;][et_pb_column type=&#8220;4_4&#8243; _builder_version=&#8220;4.18.0&#8243; _module_preset=&#8220;default&#8220; global_colors_info=&#8220;{}&#8220;][et_pb_text _builder_version=&#8220;4.18.0&#8243; _module_preset=&#8220;default&#8220; global_colors_info=&#8220;{}&#8220;]<\/p>\n<h1>News zum G\u00fcnter Rohrbach Filmpreis<\/h1>\n<p>[\/et_pb_text][\/et_pb_column][\/et_pb_row][et_pb_row column_structure=&#8220;1_3,1_3,1_3&#8243; _builder_version=&#8220;4.18.0&#8243; _module_preset=&#8220;default&#8220; global_colors_info=&#8220;{}&#8220;][et_pb_column type=&#8220;1_3&#8243; _builder_version=&#8220;4.27.4&#8243; _module_preset=&#8220;default&#8220; global_colors_info=&#8220;{}&#8220;][et_pb_blurb title=&#8220;G\u00fcnter Rohrbach Filmpreis 2025 f\u00fcr  \u201eIn die Sonne schauen\u201c&#8220; image=&#8220;https:\/\/www.guenter-rohrbach-filmpreis.de\/wp-content\/uploads\/2025\/11\/Gewinner-weeb.png&#8220; disabled_on=&#8220;off|off|off&#8220; _builder_version=&#8220;4.27.4&#8243; _module_preset=&#8220;default&#8220; global_colors_info=&#8220;{}&#8220;]<\/p>\n<p style=\"font-weight: 400;\"><strong>Neunkirchen, 07.11.2025<\/strong> \u2013 <span>Den <em>15. G\u00fcnter Rohrbach Filmpreis<\/em>, den die G\u00fcnter Rohrbach Filmpreis Stiftung in Zusammenarbeit mit der Kreisstadt Neunkirchen allj\u00e4hrlich vergibt, hat das Drama <strong>\u201eIn die Sonne schauen\u201c <\/strong>gewonnen. Die mit 10.000 Euro dotierte Auszeichnung wurde am Freitag, 07. November, in der Industriekultur-Kulisse der Neuen Gebl\u00e4sehalle Neunkirchen im Rahmen einer festlichen Gala verliehen.<\/span><\/p>\n<p style=\"font-weight: 400;\">Gemeinsam mit der Regisseurin <strong>Mascha Schilinski<\/strong> wurden die Produzenten von <strong>\u201eIn die Sonne schauen\u201c<\/strong>, <strong>Lucas Schmidt, Lasse Scharpen <\/strong>und<strong> Maren Schmitt<\/strong> ausgezeichnet.<\/p>\n<p style=\"font-weight: 400;\">Der Preis f\u00fcr die <strong>beste Schauspielleistung<\/strong> ging<span> an<\/span><strong> Leonie Benesch <\/strong>f\u00fcr ihre Rolle in <strong>\u201eHeldin\u201c<\/strong>.<\/p>\n<p style=\"font-weight: 400;\">Der<strong> Preis des Saarl\u00e4ndischen Rundfunks <\/strong>wurde den Produzenten<strong> Sol Bondy <\/strong>und<strong> Fred Burle <\/strong>und ihrer Hauptdarstellerin <strong>Mala Emde <\/strong>f\u00fcr den Film<strong> \u201eK\u00f6ln 75<\/strong>\u201c zugesprochen.<\/p>\n<p style=\"font-weight: 400;\">Den<strong> Preis der Ministerpr\u00e4sidentin <\/strong>gewannen <strong>Cosima Vellenzer<\/strong> (Ausstattung) und <strong>Sabrina Kr\u00e4mer<\/strong> (Kost\u00fcm) f\u00fcr <strong>\u201eIn die Sonne schauen\u201c<\/strong>.<\/p>\n<p style=\"font-weight: 400;\">Mit dem <strong>Preis des Oberb\u00fcrgermeisters <\/strong>wurden der Regisseur <strong>Christian Klandt <\/strong>und der Drehbuchautor <strong>Benedikt Gollhardt<\/strong> f\u00fcr ihren Film <strong>\u201eSterben f\u00fcr Beginner\u201c<\/strong> ausgezeichnet.<\/p>\n<p>[\/et_pb_blurb][\/et_pb_column][et_pb_column type=&#8220;1_3&#8243; _builder_version=&#8220;4.27.4&#8243; _module_preset=&#8220;default&#8220; global_colors_info=&#8220;{}&#8220;][et_pb_blurb title=&#8220;Die Finalisten f\u00fcr den 15. G\u00fcnter Rohrbach Filmpreis sind ausgew\u00e4hlt&#8220; image=&#8220;https:\/\/www.guenter-rohrbach-filmpreis.de\/wp-content\/uploads\/2025\/10\/GRFP_LOGO_Full_HD_2.jpg&#8220; disabled_on=&#8220;off|off|off&#8220; _builder_version=&#8220;4.27.4&#8243; _module_preset=&#8220;default&#8220; global_colors_info=&#8220;{}&#8220;]<\/p>\n<p style=\"font-weight: 400;\"><strong>Neunkirchen, 13.10.2025<\/strong> \u2013 Die Jury unter dem diesj\u00e4hrigen Vorsitz <span>des renommierten Regisseurs, Autors und Drehbuchautors\u00a0<\/span><strong>Dominik Graf<\/strong> hat die vier Finalistenfilme ausgew\u00e4hlt, die 2025 in der Endrunde um den 15. <em>G\u00fcnter Rohrbach Filmpreis<\/em> stehen.<\/p>\n<p style=\"font-weight: 400;\">Die Filme <strong>\u201eHeldin\u201c<\/strong> von Petra Volpe, \u201e<strong>In die Sonne schauen\u201c<\/strong> von Mascha Schilinski, <strong>\u201eK\u00f6ln 75\u201c<\/strong> von Ido Fluk und <strong>\u201eSterben f\u00fcr Beginner\u201c<\/strong> von Christian Klandt stehen im Finale der mit insgesamt 26.000 Euro dotierten Auszeichnung.<\/p>\n<p style=\"font-weight: 400;\">Neben dem Preis f\u00fcr den besten Film, der mit 10.000 Euro ausgeschrieben ist, werden vier weitere Preise vergeben: Der Preis f\u00fcr den besten Darsteller \/ die beste Darstellerin in H\u00f6he von 5.000 Euro und drei Sonderpreise in H\u00f6he von 2.500 Euro, 3.500 Euro und 5.000 Euro.<\/p>\n<p>[\/et_pb_blurb][\/et_pb_column][et_pb_column type=&#8220;1_3&#8243; _builder_version=&#8220;4.18.0&#8243; _module_preset=&#8220;default&#8220; global_colors_info=&#8220;{}&#8220;][et_pb_blurb title=&#8220;Die acht Filme der Shortlist stehen fest&#8220; image=&#8220;https:\/\/www.guenter-rohrbach-filmpreis.de\/wp-content\/uploads\/2022\/04\/GRFP_LOGO_Full_HD_7.jpg&#8220; disabled_on=&#8220;off|off|off&#8220; _builder_version=&#8220;4.27.4&#8243; _module_preset=&#8220;default&#8220; global_colors_info=&#8220;{}&#8220;]<\/p>\n<p style=\"font-weight: 400;\"><strong>Neunkirchen, 12. September 2025<\/strong> \u2013 Der Wettbewerb um den 15. <em>G\u00fcnter Rohrbach Filmpreis<\/em> geht in die hei\u00dfe Phase: 74 Einreichungen wurden von den Mitgliedern der Vorjury gesichtet und gemeinsam wurden acht Filme f\u00fcr die <strong>Shortlist<\/strong> ausgew\u00e4hlt:<\/p>\n<p style=\"font-weight: 400;\"><strong>\u201e22 Bahnen\u201c<\/strong> von Mia Maariel Meyer, <strong>\u201eAn einem Tag im September\u201c<\/strong> von Kai Wessel, <strong>\u201eHeldin\u201c<\/strong> von Petra Volpe, <strong>\u201eHow to be normal and the Oddness of the Other World\u201c<\/strong> von Florian Pochlatko, \u201e<strong>In die Sonne schauen\u201c<\/strong> von Mascha Schilinski, <strong>\u201eK\u00f6ln 75\u201c<\/strong>von Ido Fluk, <strong>\u201eSterben f\u00fcr Beginner\u201c<\/strong> von Christian Klandt und <strong>\u201eZweigstelle\u201c<\/strong> von Julius Grimm.<\/p>\n<p style=\"font-weight: 400;\">Die Mitglieder der Vorjury 2025 sind: <strong>Anna Reitze<\/strong> (Leiterin des Arthouse Kinos Camera Zwo), <strong>Barbara Wackernagel-Jacobs<\/strong>(Produzentin), <strong>David Lemm<\/strong> (freier Mitarbeiter der Saarbr\u00fccker Zeitung), <strong>Thure Riefenstein<\/strong> (Schauspieler, Regisseur und Drehbuchautor) und <strong>Florian Schmidt<\/strong> (Medienp\u00e4dagoge und Filmexperte).<\/p>\n<p style=\"font-weight: 400;\">Die acht Filme der Shortlist werden nun der Jury vorgelegt, die die Finalisten f\u00fcr den <em>G\u00fcnter Rohrbach Filmpreis<\/em> 2025 ausw\u00e4hlen wird. Den Vorsitz der diesj\u00e4hrigen Jury hat der Film- und Fernsehregisseur <strong>Dominik Graf<\/strong> inne. Die feierliche Filmpreis-Gala findet am Freitag, den 7. November, um 20 Uhr in der Neuen Gebl\u00e4sehalle in Neunkirchen statt.<\/p>\n<p>[\/et_pb_blurb][\/et_pb_column][\/et_pb_row][et_pb_row disabled_on=&#8220;off|off|off&#8220; _builder_version=&#8220;4.20.4&#8243; _module_preset=&#8220;default&#8220; global_colors_info=&#8220;{}&#8220;][et_pb_column type=&#8220;4_4&#8243; _builder_version=&#8220;4.20.4&#8243; _module_preset=&#8220;default&#8220; global_colors_info=&#8220;{}&#8220;][et_pb_divider color=&#8220;#e30613&#8243; _builder_version=&#8220;4.18.0&#8243; _module_preset=&#8220;default&#8220; global_colors_info=&#8220;{}&#8220;][\/et_pb_divider][\/et_pb_column][\/et_pb_row][et_pb_row column_structure=&#8220;3_5,2_5&#8243; disabled_on=&#8220;off|off|off&#8220; _builder_version=&#8220;4.18.0&#8243; _module_preset=&#8220;default&#8220; global_colors_info=&#8220;{}&#8220;][et_pb_column type=&#8220;3_5&#8243; _builder_version=&#8220;4.18.0&#8243; _module_preset=&#8220;default&#8220; global_colors_info=&#8220;{}&#8220;][\/et_pb_column][et_pb_column type=&#8220;2_5&#8243; _builder_version=&#8220;4.18.0&#8243; _module_preset=&#8220;default&#8220; global_colors_info=&#8220;{}&#8220;][et_pb_text disabled_on=&#8220;on|on|on&#8220; _builder_version=&#8220;4.23.4&#8243; _module_preset=&#8220;default&#8220; disabled=&#8220;on&#8220; global_colors_info=&#8220;{}&#8220;]<\/p>\n<h1>Roter Teppich 2023<\/h1>\n<p>[\/et_pb_text][et_pb_gallery gallery_ids=&#8220;1138,1261,1256,1255,1254,1253,1252,1251,1250,1249,1248,1247,1246,1245,1244,1243,1242,1241,1240,1239,1238,1237,1236,1235,1234,1233,1232,1231,1230,1229,1228,1227,1226,1225,1224,1223,1222,1221,1220,1219,1218,1217,1216,1215,1214,1213,1212,1211,1210,1209,1208,1207,1206,1205,1204,1203,1202,1201,1200,1199,1198,1197,1196,1195,1194,1193,1192,1191,1190,1189,1188,1187,1186,1185,1184,1183,1182,1181,1180,1179,1178,1177,1176,1175,1174,1173,1172,1171,1170,1169,1168,1167,1166,1165,1164,1163,1162,1161,1160,1159,1158,1157,1156,1155,1154,1153,1152,1151,1150,1149,1148,1147,1146,1145,1144,1143,1142,1141,1140,1139&#8243; fullwidth=&#8220;on&#8220; disabled_on=&#8220;on|on|on&#8220; _builder_version=&#8220;4.21.0&#8243; _module_preset=&#8220;default&#8220; animation_style=&#8220;fade&#8220; auto=&#8220;on&#8220; auto_speed=&#8220;4000&#8243; disabled=&#8220;on&#8220; global_colors_info=&#8220;{}&#8220;][\/et_pb_gallery][\/et_pb_column][\/et_pb_row][\/et_pb_section][et_pb_section fb_built=&#8220;1&#8243; fullwidth=&#8220;on&#8220; disabled_on=&#8220;on|on|off&#8220; _builder_version=&#8220;4.18.0&#8243; _module_preset=&#8220;default&#8220; global_colors_info=&#8220;{}&#8220;][et_pb_fullwidth_image src=&#8220;https:\/\/www.guenter-rohrbach-filmpreis.de\/wp-content\/uploads\/2025\/09\/Footer-2025_neu-1-scaled.png&#8220; title_text=&#8220;Footer 2025_neu&#8220; disabled_on=&#8220;off|off|off&#8220; _builder_version=&#8220;4.27.4&#8243; _module_preset=&#8220;default&#8220; background_color=&#8220;#FFFFFF&#8220; custom_margin=&#8220;0px||||false|false&#8220; motion_trigger_start=&#8220;top&#8220; global_module=&#8220;358&#8243; saved_tabs=&#8220;all&#8220; global_colors_info=&#8220;{}&#8220;][\/et_pb_fullwidth_image][\/et_pb_section][et_pb_section fb_built=&#8220;1&#8243; fullwidth=&#8220;on&#8220; disabled_on=&#8220;off|off|on&#8220; _builder_version=&#8220;4.18.0&#8243; _module_preset=&#8220;default&#8220; global_module=&#8220;778&#8243; saved_tabs=&#8220;all&#8220; global_colors_info=&#8220;{}&#8220;][et_pb_fullwidth_image src=&#8220;https:\/\/www.guenter-rohrbach-filmpreis.de\/wp-content\/uploads\/2025\/09\/Footer_Tablet-2025_neu-scaled.png&#8220; title_text=&#8220;Footer_Tablet 2025_neu&#8220; disabled_on=&#8220;off|off|off&#8220; _builder_version=&#8220;4.27.4&#8243; _module_preset=&#8220;default&#8220; custom_margin=&#8220;0px||||false|false&#8220; global_colors_info=&#8220;{}&#8220;][\/et_pb_fullwidth_image][\/et_pb_section]<\/p>\n","protected":false},"excerpt":{"rendered":"<p>Herzlich willkommen beim G\u00fcnter Rohrbach Filmpreis Seit 2011 findet in Neunkirchen die Verleihung des G\u00fcnter Rohrbach Filmpreises statt. Damit ehrt die Kreisstadt Neunkirchen ihren ber\u00fchmtesten Sohn, den bekannten Filmproduzenten Prof. Dr. G\u00fcnter Rohrbach.Roter Teppich 2025Tickets und Programminfos\u00a0\u00a0Die Einreichungsfrist ist gestartet. Melden Sie jetzt Ihre Filme an.News zum G\u00fcnter Rohrbach FilmpreisNeunkirchen, 07.11.2025 \u2013 Den 15. G\u00fcnter [&hellip;]<\/p>\n","protected":false},"author":2,"featured_media":0,"parent":0,"menu_order":0,"comment_status":"closed","ping_status":"closed","template":"","meta":{"_et_pb_use_builder":"on","_et_pb_old_content":"","_et_gb_content_width":"","footnotes":""},"class_list":["post-76","page","type-page","status-publish","hentry"],"_links":{"self":[{"href":"https:\/\/www.guenter-rohrbach-filmpreis.de\/index.php?rest_route=\/wp\/v2\/pages\/76","targetHints":{"allow":["GET"]}}],"collection":[{"href":"https:\/\/www.guenter-rohrbach-filmpreis.de\/index.php?rest_route=\/wp\/v2\/pages"}],"about":[{"href":"https:\/\/www.guenter-rohrbach-filmpreis.de\/index.php?rest_route=\/wp\/v2\/types\/page"}],"author":[{"embeddable":true,"href":"https:\/\/www.guenter-rohrbach-filmpreis.de\/index.php?rest_route=\/wp\/v2\/users\/2"}],"replies":[{"embeddable":true,"href":"https:\/\/www.guenter-rohrbach-filmpreis.de\/index.php?rest_route=%2Fwp%2Fv2%2Fcomments&post=76"}],"version-history":[{"count":152,"href":"https:\/\/www.guenter-rohrbach-filmpreis.de\/index.php?rest_route=\/wp\/v2\/pages\/76\/revisions"}],"predecessor-version":[{"id":1888,"href":"https:\/\/www.guenter-rohrbach-filmpreis.de\/index.php?rest_route=\/wp\/v2\/pages\/76\/revisions\/1888"}],"wp:attachment":[{"href":"https:\/\/www.guenter-rohrbach-filmpreis.de\/index.php?rest_route=%2Fwp%2Fv2%2Fmedia&parent=76"}],"curies":[{"name":"wp","href":"https:\/\/api.w.org\/{rel}","templated":true}]}}